{"id":863,"date":"2023-10-04T19:47:33","date_gmt":"2023-10-04T17:47:33","guid":{"rendered":"https:\/\/simbiosiindustrial.com\/politica-de-privacitat\/"},"modified":"2024-01-19T20:46:24","modified_gmt":"2024-01-19T18:46:24","slug":"politica-de-privacidad","status":"publish","type":"page","link":"https:\/\/simbiosiindustrial.com\/es\/politica-de-privacidad\/","title":{"rendered":"Pol\u00edtica de privacidad"},"content":{"rendered":"\n<p><strong>Pol\u00edtica de Privacidad (RGPD)<\/strong><\/p>\n\n\n\n<p>Responsable del tratamiento: ACTIVIDADES INTEGRADAS, S.A. - A59313239, con domicilio en C\/ Mogoda, 1. Pol. Ind. Can Salvatella. 08210 Barber\u00e0 del Vall\u00e8s. Tel\u00e9fono 937297272 y correo electr\u00f3nico: <a>nodus@nodusbarbera.cat<\/a><\/p>\n\n\n\n<p><\/p>\n\n\n\n<p><strong>FINALIDAD<\/strong><\/p>\n\n\n\n<p>La finalidad de la creaci\u00f3n, existencia y mantenimiento es el tratamiento de los datos con fines exclusivos de poder efectuar la finalidad de la promoci\u00f3n del proyecto Simbiosis Industrial: Revalorizamos los recursos sobrantes.<\/p>\n\n\n\n<p><\/p>\n\n\n\n<p><strong>LEGITIMACI\u00d3N<\/strong><\/p>\n\n\n\n<p>La base legal para el tratamiento de sus datos es la ejecuci\u00f3n de la prestaci\u00f3n del proyecto Simbiosis Industrial: Revalorizamos los recursos sobrantes entre el titular de los datos y el responsable del tratamiento, y la informaci\u00f3n personal se conservar\u00e1 mientras se mantenga la misma o durante el tiempo estrictamente necesario para cumplir con las obligaciones legales.<\/p>\n\n\n\n<p><\/p>\n\n\n\n<p><strong>COMUNICACIONES COMERCIALES<\/strong><\/p>\n\n\n\n<p>Asimismo, y basado en su consentimiento otorgado de manera afirmativa y expresa, nos permite poder enviarle informaci\u00f3n sobre las acciones llevadas a cabo en el marco del proyecto Simbiosis Industrial: Revalorizamos los recursos sobrantes y las novedades a trav\u00e9s de correo electr\u00f3nico. Este consentimiento podr\u00e1 ser revocado en cualquier momento a trav\u00e9s de nuestro correo electr\u00f3nico <a>nodus@nodusbarbera.cat<\/a><\/p>\n\n\n\n<p><\/p>\n\n\n\n<p><strong>PER\u00cdODO DE CONSERVACI\u00d3N<\/strong><\/p>\n\n\n\n<p>Los datos proporcionados se conservar\u00e1n mientras se mantenga la prestaci\u00f3n del servicio o durante los a\u00f1os necesarios para cumplir con las obligaciones legales.<\/p>\n\n\n\n<p><\/p>\n\n\n\n<p><strong>DESTINATARIOS<\/strong><\/p>\n\n\n\n<p>Mientras dure el tratamiento de los datos del interesado, ACTIVIDADES INTEGRADAS, S.A. Sus datos podr\u00e1n ser comunicados a administraciones p\u00fablicas con competencias en estas materias y a empresas e instituciones de car\u00e1cter p\u00fablico y privado con la finalidad indicada, as\u00ed como cuando se establezca por imperativo legal.<\/p>\n\n\n\n<p><\/p>\n\n\n\n<p><strong>DERECHOS<\/strong><\/p>\n\n\n\n<p>Las personas interesadas tienen derecho a acceder a sus datos de car\u00e1cter personal, as\u00ed como a solicitar la rectificaci\u00f3n de los inexactos o, en su caso, solicitar la supresi\u00f3n cuando, entre otros motivos, los datos ya no sean necesarios para la finalidad para la que fueron entregados, as\u00ed como retirar el consentimiento otorgado. El ejercicio de oposici\u00f3n al tratamiento de sus datos para el env\u00edo de informaci\u00f3n publicitaria por v\u00eda electr\u00f3nica. Tambi\u00e9n puede ejercer su derecho a la limitaci\u00f3n del tratamiento, de manera que sus datos no ser\u00e1n suprimidos pero el tratamiento de los mismos estar\u00e1 sujeto a limitaciones.<\/p>\n\n\n\n<p>Los ejercicios de portabilidad y automatizaci\u00f3n de decisiones no aplican en este caso por la tipolog\u00eda de datos y tratamiento de los mismos.<\/p>\n","protected":false},"excerpt":{"rendered":"<p>Pol\u00edtica de Privacidad (RGPD) Responsable del tratamiento: ACTIVIDADES INTEGRADAS, S.A. - A59313239, con domicilio en C\/ Mogoda, 1. Pol. Ind. Can Salvatella. 08210 Barber\u00e0 del Vall\u00e8s. Tel\u00e9fono 937297272 y correo electr\u00f3nico: nodus@nodusbarbera.cat FINALIDAD La finalidad de la creaci\u00f3n, existencia y mantenimiento es el tratamiento de los datos con fines exclusivos de poder efectuar la finalidad [&hellip;]<\/p>\n","protected":false},"author":2,"featured_media":0,"parent":0,"menu_order":0,"comment_status":"closed","ping_status":"closed","template":"","meta":{"_acf_changed":false,"inline_featured_image":false,"footnotes":""},"class_list":["post-863","page","type-page","status-publish","hentry"],"acf":[],"_links":{"self":[{"href":"https:\/\/simbiosiindustrial.com\/es\/wp-json\/wp\/v2\/pages\/863","targetHints":{"allow":["GET"]}}],"collection":[{"href":"https:\/\/simbiosiindustrial.com\/es\/wp-json\/wp\/v2\/pages"}],"about":[{"href":"https:\/\/simbiosiindustrial.com\/es\/wp-json\/wp\/v2\/types\/page"}],"author":[{"embeddable":true,"href":"https:\/\/simbiosiindustrial.com\/es\/wp-json\/wp\/v2\/users\/2"}],"replies":[{"embeddable":true,"href":"https:\/\/simbiosiindustrial.com\/es\/wp-json\/wp\/v2\/comments?post=863"}],"version-history":[{"count":2,"href":"https:\/\/simbiosiindustrial.com\/es\/wp-json\/wp\/v2\/pages\/863\/revisions"}],"predecessor-version":[{"id":885,"href":"https:\/\/simbiosiindustrial.com\/es\/wp-json\/wp\/v2\/pages\/863\/revisions\/885"}],"wp:attachment":[{"href":"https:\/\/simbiosiindustrial.com\/es\/wp-json\/wp\/v2\/media?parent=863"}],"curies":[{"name":"wp","href":"https:\/\/api.w.org\/{rel}","templated":true}]}}