{"id":859,"date":"2023-09-22T19:57:39","date_gmt":"2023-09-22T17:57:39","guid":{"rendered":"https:\/\/simbiosiindustrial.com\/projectes-realitzats\/"},"modified":"2024-01-22T14:39:02","modified_gmt":"2024-01-22T12:39:02","slug":"projectes-realitzats","status":"publish","type":"page","link":"https:\/\/simbiosiindustrial.com\/es\/projectes-realitzats\/","title":{"rendered":"Projectes realitzats"},"content":{"rendered":"<section id=\"section-100-146\" class=\" ct-section\" ><div class=\"ct-section-inner-wrap\"><div id=\"div_block-101-146\" class=\"ct-div-block mb-16\" ><h1 id=\"headline-102-146\" class=\"ct-headline font-normal text-5xl gradient-txt\">Projectes realitzats<\/h1><div id=\"text_block-48-207\" class=\"ct-text-block\" >Adre\u00e7a't a nosaltres i consulta els ajuts i recursos disponibles.&nbsp;<\/div><\/div><div id=\"_dynamic_list-103-146\" class=\"oxy-dynamic-list\"><div id=\"div_block-104-146-1\" class=\"ct-div-block \" data-id=\"div_block-104-146\"><img decoding=\"async\" id=\"image-105-146-1\" alt=\"\" src=\"https:\/\/simbiosiindustrial.com\/wp-content\/uploads\/2025\/10\/sha-zou-Oiagtt4idqU-unsplash.jpg\" class=\"ct-image mb-2 mx-auto w-full\" data-id=\"image-105-146\"><div id=\"div_block-130-207-1\" class=\"ct-div-block p-6 h-full\" data-id=\"div_block-130-207\"><h2 id=\"headline-106-146-1\" class=\"ct-headline gradient-txt mb-2 text-2xl\" data-id=\"headline-106-146\"><span id=\"span-107-146\" class=\"ct-span\" >Assessorament per a Impost al Pl\u00e0stic<\/span><\/h2><div id=\"text_block-108-146-1\" class=\"ct-text-block text-lg mb-4\" data-id=\"text_block-108-146\"><span id=\"span-109-146\" class=\"ct-span\" >Gu\u00eda per a empreses davant la nova normativa<\/span><\/div><\/div><\/div><div id=\"div_block-104-146-2\" class=\"ct-div-block \" data-id=\"div_block-104-146\"><img decoding=\"async\" id=\"image-105-146-2\" alt=\"\" src=\"https:\/\/simbiosiindustrial.com\/wp-content\/uploads\/2023\/09\/Rectangle-29.png\" class=\"ct-image mb-2 mx-auto w-full\" data-id=\"image-105-146\"><div id=\"div_block-130-207-2\" class=\"ct-div-block p-6 h-full\" data-id=\"div_block-130-207\"><h2 id=\"headline-106-146-2\" class=\"ct-headline gradient-txt mb-2 text-2xl\" data-id=\"headline-106-146\"><span id=\"span-107-146\" class=\"ct-span\" >Redes Pedalables<\/span><\/h2><div id=\"text_block-108-146-2\" class=\"ct-text-block text-lg mb-4\" data-id=\"text_block-108-146\"><span id=\"span-109-146\" class=\"ct-span\" >Los pol\u00edgonos industriales de los tres municipios est\u00e1n conectados entre s\u00ed y con los n\u00facleos urbanos y zonas residenciales por carriles pedaleables.<\/span><\/div><\/div><\/div><div id=\"div_block-104-146-3\" class=\"ct-div-block \" data-id=\"div_block-104-146\"><img decoding=\"async\" id=\"image-105-146-3\" alt=\"\" src=\"https:\/\/simbiosiindustrial.com\/wp-content\/uploads\/2023\/09\/Rectangle-29-1.png\" class=\"ct-image mb-2 mx-auto w-full\" data-id=\"image-105-146\"><div id=\"div_block-130-207-3\" class=\"ct-div-block p-6 h-full\" data-id=\"div_block-130-207\"><h2 id=\"headline-106-146-3\" class=\"ct-headline gradient-txt mb-2 text-2xl\" data-id=\"headline-106-146\"><span id=\"span-107-146\" class=\"ct-span\" >Recollida Mancomunada<\/span><\/h2><div id=\"text_block-108-146-3\" class=\"ct-text-block text-lg mb-4\" data-id=\"text_block-108-146\"><span id=\"span-109-146\" class=\"ct-span\" >Servei de recollida mancomunada de les fraccions org\u00e0nica i envasos dels menjadors de les empreses.<\/span><\/div><\/div><\/div><div id=\"div_block-104-146-4\" class=\"ct-div-block \" data-id=\"div_block-104-146\"><img decoding=\"async\" id=\"image-105-146-4\" alt=\"\" src=\"https:\/\/simbiosiindustrial.com\/wp-content\/uploads\/2023\/09\/Rectangle-29-2.png\" class=\"ct-image mb-2 mx-auto w-full\" data-id=\"image-105-146\"><div id=\"div_block-130-207-4\" class=\"ct-div-block p-6 h-full\" data-id=\"div_block-130-207\"><h2 id=\"headline-106-146-4\" class=\"ct-headline gradient-txt mb-2 text-2xl\" data-id=\"headline-106-146\"><span id=\"span-107-146\" class=\"ct-span\" >Residu T\u00e8xtil<\/span><\/h2><div id=\"text_block-108-146-4\" class=\"ct-text-block text-lg mb-4\" data-id=\"text_block-108-146\"><span id=\"span-109-146\" class=\"ct-span\" >Estrat\u00e8gies de l\u2019economia circular al m\u00f3n t\u00e8xtil, averigua quina d\u2019aquestes solucions podria aplicar-se a la teva empresa.<\/span><\/div><\/div><\/div><div id=\"div_block-104-146-5\" class=\"ct-div-block \" data-id=\"div_block-104-146\"><img decoding=\"async\" id=\"image-105-146-5\" alt=\"\" src=\"https:\/\/simbiosiindustrial.com\/wp-content\/uploads\/2023\/09\/Rectangle-29-3.png\" class=\"ct-image mb-2 mx-auto w-full\" data-id=\"image-105-146\"><div id=\"div_block-130-207-5\" class=\"ct-div-block p-6 h-full\" data-id=\"div_block-130-207\"><h2 id=\"headline-106-146-5\" class=\"ct-headline gradient-txt mb-2 text-2xl\" data-id=\"headline-106-146\"><span id=\"span-107-146\" class=\"ct-span\" >Reutilitzaci\u00f3 d\u2019embalatges<\/span><\/h2><div id=\"text_block-108-146-5\" class=\"ct-text-block text-lg mb-4\" data-id=\"text_block-108-146\"><span id=\"span-109-146\" class=\"ct-span\" >L\u2019objectiu \u00e9s reutilitzar el major nombre de vegades els embalatges secundaris.<\/span><\/div><\/div><\/div><div id=\"div_block-104-146-6\" class=\"ct-div-block \" data-id=\"div_block-104-146\"><img decoding=\"async\" id=\"image-105-146-6\" alt=\"\" src=\"https:\/\/simbiosiindustrial.com\/wp-content\/uploads\/2023\/09\/Rectangle-29-4.png\" class=\"ct-image mb-2 mx-auto w-full\" data-id=\"image-105-146\"><div id=\"div_block-130-207-6\" class=\"ct-div-block p-6 h-full\" data-id=\"div_block-130-207\"><h2 id=\"headline-106-146-6\" class=\"ct-headline gradient-txt mb-2 text-2xl\" data-id=\"headline-106-146\"><span id=\"span-107-146\" class=\"ct-span\" >Transport col\u00b7lectiu<\/span><\/h2><div id=\"text_block-108-146-6\" class=\"ct-text-block text-lg mb-4\" data-id=\"text_block-108-146\"><span id=\"span-109-146\" class=\"ct-span\" >La mobilitat compartida aporta avantatges per a treballadors i\u00a0 empreses. El servei d\u2019autobusos compartits, BusUp, permet definir rutes sota demanda.\u00a0<\/span><\/div><\/div><\/div><div id=\"div_block-104-146-7\" class=\"ct-div-block \" data-id=\"div_block-104-146\"><img decoding=\"async\" id=\"image-105-146-7\" alt=\"\" src=\"https:\/\/simbiosiindustrial.com\/wp-content\/uploads\/2023\/09\/Rectangle-29-5.png\" class=\"ct-image mb-2 mx-auto w-full\" data-id=\"image-105-146\"><div id=\"div_block-130-207-7\" class=\"ct-div-block p-6 h-full\" data-id=\"div_block-130-207\"><h2 id=\"headline-106-146-7\" class=\"ct-headline gradient-txt mb-2 text-2xl\" data-id=\"headline-106-146\"><span id=\"span-107-146\" class=\"ct-span\" >Bicicletes el\u00e8ctriques<\/span><\/h2><div id=\"text_block-108-146-7\" class=\"ct-text-block text-lg mb-4\" data-id=\"text_block-108-146\"><span id=\"span-109-146\" class=\"ct-span\" >A Sant Quirze del Vall\u00e8s, aquesta modalitat de transport sostenible permet la mobilitat dels treballadors i treballadores entre l\u2019estaci\u00f3 de FGC i les empreses.<\/span><\/div><\/div><\/div>                    \n                                            \n                                        \n                    <\/div>\n<\/div><\/section>\n\n<section id=\"section-3-132\" class=\" ct-section\" ><div class=\"ct-section-inner-wrap\"><div id=\"div_block-4-132\" class=\"ct-div-block grid grid-cols-2 w-full gap-16 lg-grid-cols-1\" ><div id=\"div_block-7-132\" class=\"ct-div-block w-full grid grid-cols-2 gap-4 mx-auto my-auto\" ><div id=\"div_block-8-132\" class=\"ct-div-block col-span-1 gap-4\" ><img decoding=\"async\"  id=\"image-9-132\" alt=\"Persona a l'exposici\u00f3 de Simbiosi Industrial\" src=\"https:\/\/simbiosiindustrial.com\/wp-content\/uploads\/2023\/09\/Rectangle-1.png\" class=\"ct-image rounded-xl w-full\"\/><img decoding=\"async\"  id=\"image-10-132\" alt=\"Expositor de Simbiosi Industrial\" src=\"https:\/\/simbiosiindustrial.com\/wp-content\/uploads\/2023\/09\/Rectangle-3.png\" class=\"ct-image rounded-xl w-full\"\/><\/div><div id=\"div_block-11-132\" class=\"ct-div-block col-span-1 h-full\" ><img decoding=\"async\"  id=\"image-12-132\" alt=\"Persona presentant que \u00e9s el projecte de Simbiosi Industrial.\" src=\"https:\/\/simbiosiindustrial.com\/wp-content\/uploads\/2023\/09\/Rectangle-2.png\" class=\"ct-image rounded-xl my-auto w-full\"\/><\/div><\/div><div id=\"div_block-5-132\" class=\"ct-div-block\" ><h2 id=\"headline-13-132\" class=\"ct-headline text-5xl mb-4 font-normal\">L\u2019exposici\u00f3 itinerant<\/h2><div id=\"text_block-15-132\" class=\"ct-text-block text-xl mb-6\" >Ens trobem en continu moviment per tal d\u2019ajudar a les empreses del Vall\u00e8s a entendre el concepte de Simbiosi  Industrial i ajudar-los a aplicar les metodologies que els faran cr\u00e9ixer i rendibilitzar els seus residus en el futur.<\/div><div id=\"div_block-33-132\" class=\"ct-div-block\" ><div id=\"_rich_text-34-132\" class=\"oxy-rich-text text-lg font-normal\" ><ul>\n<li>Facilitar a les empreses locals conceptes, metodologies i experi&egrave;ncies de simbiosi industrial aplicables als Pol&iacute;gons d&rsquo;Activitat Econ&ograve;mica (PAE)<\/li>\n<li>Caracter&iacute;stiques de l'exposici&oacute;: un sol panell en format photocall, estructura desmuntable, mides: 3,75m x 2,50m<\/li>\n<li>Recollida i trasllat de l&rsquo;exposici&oacute; a c&agrave;rrec del personal t&egrave;cnic dels tres ajuntaments.<\/li>\n<\/ul><\/div><div id=\"code_block-35-132\" class=\"ct-code-block\" ><\/div><\/div><\/div><\/div><\/div><\/section>\n\n<section id=\"section-3-204\" class=\" ct-section\" ><div class=\"ct-section-inner-wrap\"><div id=\"div_block-4-204\" class=\"ct-div-block w-3by4 mx-auto mb-4 md-w-full\" ><h2 id=\"headline-5-204\" class=\"ct-headline text-5xl text-center mx-auto color-paragraph font-normal mb-4\">Vols ser el seg\u00fcent en implantar la Simbiosi Industrial a la teva empresa?<\/h2><div id=\"text_block-7-204\" class=\"ct-text-block text-center text-xl color-paragraph\" >No es tracta nom\u00e9s de l\u2019impacte econ\u00f2mic a la teva empresa, tamb\u00e9 adquirir\u00e0s una millora en la reputaci\u00f3 de marca i un millor \u00fas de les mat\u00e8ries primes que extraiem.<br><\/div><\/div><div id=\"div_block-10-204\" class=\"ct-div-block centered gap-2 mx-auto\" ><a id=\"link_button-11-204\" class=\"ct-link-button bg-gradient rounded-full px-8 border-none font-bold letter-spacing bt-hover\" href=\"https:\/\/simbiosiindustrial.com\/contacte\/\" target=\"_self\"  >Contacta'ns<\/a><div id=\"text_block-12-204\" class=\"ct-text-block text-xs color-paragraph\" ><\/div><\/div><\/div><\/section>\n\n<section id=\"section-3-77\" class=\" ct-section\" ><div class=\"ct-section-inner-wrap\"><div id=\"div_block-4-77\" class=\"ct-div-block mx-auto mb-16\" ><h2 id=\"headline-5-77\" class=\"ct-headline color-paragraph mb-4 text-5xl\">Consulta'ns per rebre m\u00e9s informaci\u00f3<\/h2><div id=\"text_block-7-77\" class=\"ct-text-block color-paragraph\" >Descobreix si la teva empresa \u00e9s la candidata perfecta per comen\u00e7ar a estalviar.<\/div><\/div><div id=\"div_block-9-77\" class=\"ct-div-block grid grid-cols-2 w-full gap-6 mb-24 md-grid-cols-1\" ><div id=\"div_block-10-77\" class=\"ct-div-block my-auto\" ><div id=\"div_block-11-77\" class=\"ct-div-block mb-6\" ><img decoding=\"async\"  id=\"image-12-77\" alt=\"S\u00edmbol d'interrogaci\u00f3\" src=\"https:\/\/simbiosiindustrial.com\/wp-content\/uploads\/2023\/09\/question-circle-1-5.svg\" class=\"ct-image mr-6\"\/><p id=\"text_block-13-77\" class=\"ct-text-block font-normal text-2xl color-paragraph\" >Gastes massa en la gesti\u00f3 dels teus residus?<\/p><\/div><div id=\"div_block-15-77\" class=\"ct-div-block mb-6\" ><img decoding=\"async\"  id=\"image-16-77\" alt=\"S\u00edmbol d'interrogaci\u00f3\" src=\"https:\/\/simbiosiindustrial.com\/wp-content\/uploads\/2023\/09\/question-circle-1-5.svg\" class=\"ct-image mr-6\"\/><p id=\"text_block-17-77\" class=\"ct-text-block font-normal text-2xl color-paragraph\" >Pots utilitzar materials reciclats?<\/p><\/div><div id=\"div_block-18-77\" class=\"ct-div-block mb-6\" ><img decoding=\"async\"  id=\"image-19-77\" alt=\"S\u00edmbol d'interrogaci\u00f3\" src=\"https:\/\/simbiosiindustrial.com\/wp-content\/uploads\/2023\/09\/question-circle-1-5.svg\" class=\"ct-image mr-6\"\/><p id=\"text_block-20-77\" class=\"ct-text-block font-normal text-2xl color-paragraph\" >Tens calor que no aprofites? Necessites fred? Utilitzes l\u2019aigua de la pluja o regenerada?<\/p><\/div><div id=\"div_block-21-77\" class=\"ct-div-block mb-6\" ><img decoding=\"async\"  id=\"image-22-77\" alt=\"S\u00edmbol d'interrogaci\u00f3\" src=\"https:\/\/simbiosiindustrial.com\/wp-content\/uploads\/2023\/09\/question-circle-1-5.svg\" class=\"ct-image mr-6\"\/><p id=\"text_block-23-77\" class=\"ct-text-block font-normal text-2xl color-paragraph\" >Tens maquin\u00e0ria aturada, camions mig plens o naus buides?<\/p><\/div><\/div><div id=\"div_block-30-77\" class=\"ct-div-block p-10 rounded-xl w-5by6 mx-auto sm-w-full md-w-full\" ><div id=\"text_block-32-77\" class=\"ct-text-block mb-6 mx-auto text-xl\" >Escriu-nos!<\/div>\n\t\t<div id=\"-form_widget-38-77\" class=\"oxy-form-widget w-full ff-oxy-element\" ><div class='fluentform ff-default fluentform_wrapper_4 ffs_default_wrap'><form data-form_id=\"4\" id=\"fluentform_4\" class=\"frm-fluent-form fluent_form_4 ff-el-form-top ff_form_instance_4_1 ff-form-loading ffs_default\" data-form_instance=\"ff_form_instance_4_1\" method=\"POST\" ><fieldset  style=\"border: none!important;margin: 0!important;padding: 0!important;background-color: transparent!important;box-shadow: none!important;outline: none!important; min-inline-size: 100%;\">\n                    <legend class=\"ff_screen_reader_title\" style=\"display: block; margin: 0!important;padding: 0!important;height: 0!important;text-indent: -999999px;width: 0!important;overflow:hidden;\">\u00a1Escr\u00edbenos! ES<\/legend>        <div\n                style=\"display: none!important; position: absolute!important; transform: translateX(1000%)!important;\"\n                class=\"ff-el-group ff-hpsf-container\"\n        >\n            <div class=\"ff-el-input--label asterisk-right\">\n                <label for=\"ff_4_item_sf\" aria-label=\"Subscribe\">\n                    Subscribe                <\/label>\n            <\/div>\n            <div class=\"ff-el-input--content\">\n                <input type=\"text\"\n                       name=\"item_4__fluent_sf\"\n                       class=\"ff-el-form-control\"\n                       id=\"ff_4_item_sf\"\n                \/>\n            <\/div>\n        <\/div>\n        <input type='hidden' name='__fluent_form_embded_post_id' value='859' \/><input type=\"hidden\" id=\"_fluentform_4_fluentformnonce\" name=\"_fluentform_4_fluentformnonce\" value=\"8af7588bd8\" \/><input type=\"hidden\" name=\"_wp_http_referer\" value=\"\/es\/wp-json\/wp\/v2\/pages\/859\" \/><div data-type=\"name-element\" data-name=\"names\" class=\" ff-field_container ff-name-field-wrapper contacte\" ><div class='ff-t-container'><div class='ff-t-cell '><div class='ff-el-group  ff-el-form-hide_label'><div class=\"ff-el-input--label ff-el-is-required asterisk-right\"><label for='ff_4_names_first_name_' id='label_ff_4_names_first_name_' >Nom <\/label><\/div><div class='ff-el-input--content'><input type=\"text\" name=\"names[first_name]\" id=\"ff_4_names_first_name_\" class=\"ff-el-form-control\" placeholder=\"Nombre y Apellidos\" aria-invalid=\"false\" aria-required=true><\/div><\/div><\/div><\/div><\/div><div class='ff-el-group ff-el-form-hide_label'><div class=\"ff-el-input--label ff-el-is-required asterisk-right\"><label for='ff_4_email' id='label_ff_4_email' aria-label=\"Correo Electr\u00f3nico\">Correo Electr\u00f3nico<\/label><\/div><div class='ff-el-input--content'><input type=\"email\" name=\"email\" id=\"ff_4_email\" class=\"ff-el-form-control\" placeholder=\"Correo Electr\u00f3nico\" data-name=\"email\"  aria-invalid=\"false\" aria-required=true><\/div><\/div><div class='ff-el-group ff-el-form-hide_label'><div class=\"ff-el-input--label asterisk-right\"><label for='ff_4_input_text' id='label_ff_4_input_text' aria-label=\"Empresa\">Empresa<\/label><\/div><div class='ff-el-input--content'><input type=\"text\" name=\"input_text\" class=\"ff-el-form-control\" placeholder=\"Empresa\" data-name=\"input_text\" id=\"ff_4_input_text\"  aria-invalid=\"false\" aria-required=false><\/div><\/div><div class='ff-el-group ff-el-form-hide_label'><div class=\"ff-el-input--label asterisk-right\"><label for='ff_4_input_text_1' id='label_ff_4_input_text_1' aria-label=\"Ciudad\">Ciudad<\/label><\/div><div class='ff-el-input--content'><input type=\"text\" name=\"input_text_1\" class=\"ff-el-form-control\" placeholder=\"Ciudad\" data-name=\"input_text_1\" id=\"ff_4_input_text_1\"  aria-invalid=\"false\" aria-required=false><\/div><\/div><div class='ff-el-group ff-el-form-hide_label'><div class=\"ff-el-input--label asterisk-right\"><label for='ff_4_phone' id='label_ff_4_phone' aria-label=\"Tel\u00e8fon\/M\u00f2bil\">Tel\u00e8fon\/M\u00f2bil<\/label><\/div><div class='ff-el-input--content'><input name=\"phone\" class=\"ff-el-form-control ff-el-phone\" type=\"tel\" placeholder=\"Tel\u00e9fono\" data-name=\"phone\" id=\"ff_4_phone\" inputmode=\"tel\"  aria-invalid='false' aria-required=false><\/div><\/div><div class='ff-el-group ff-el-form-hide_label'><div class=\"ff-el-input--label ff-el-is-required asterisk-right\"><label for='ff_4_description' id='label_ff_4_description' aria-label=\"\u00c0rea de text\">\u00c0rea de text<\/label><\/div><div class='ff-el-input--content'><textarea aria-required=\"true\" aria-labelledby=\"label_ff_4_description\" name=\"description\" id=\"ff_4_description\" class=\"ff-el-form-control\" placeholder=\"Mensaje\" rows=\"5\" cols=\"2\" data-name=\"description\" ><\/textarea><\/div><\/div><div class='ff-el-group    ff-el-input--content'><div class='ff-el-form-check ff-el-tc'><label aria-label='T\u00e9rminos y condiciones: He le\u00eddo y acepto la pol\u00edtica de privacidad. Contiene 1 enlace. Usa la navegaci\u00f3n por pesta\u00f1as para rese\u00f1ar.' class='ff-el-form-check-label ff_tc_label' for=gdpr-agreement_7a1f190bbe62977b31e7d9ba37be57ed><span class='ff_tc_checkbox'><input type=\"checkbox\" name=\"gdpr-agreement\" class=\"ff-el-form-check-input ff_gdpr_field\" data-name=\"gdpr-agreement\" id=\"gdpr-agreement_7a1f190bbe62977b31e7d9ba37be57ed\"  value='on' aria-invalid='false' aria-required=true><\/span> <div class='ff_t_c'>He le\u00eddo y acepto <a href=\"https:\/\/simbiosiindustrial.com\/es\/politica-de-privacidad\/\" class=\"gradient-txt\">la pol\u00edtica de privacidad<\/a>.<\/div><\/label><\/div><\/div><div class='ff-el-group ' ><div class='ff-el-input--content'><div data-fluent_id='4' name='g-recaptcha-response'><div\n\t\tdata-sitekey='6LdYJ-UpAAAAACW84QCKnvotBKtvFdWkVBVrtss5'\n\t\tid='fluentform-recaptcha-4-1'\n\t\tclass='ff-el-recaptcha g-recaptcha'\n\t\tdata-callback='fluentFormrecaptchaSuccessCallback'><\/div><\/div><\/div><\/div><div class='ff-el-group ff-text-left rounded-full ff_submit_btn_wrapper'><button type=\"submit\" class=\"ff-btn ff-btn-submit ff-btn-md bg-gradient w-full letter-spacing bt-hover ff_btn_style\"  aria-label=\"Enviar\">Enviar<\/button><\/div><\/fieldset><\/form><div id='fluentform_4_errors' class='ff-errors-in-stack ff_form_instance_4_1 ff-form-loading_errors ff_form_instance_4_1_errors'><\/div><\/div>            <script type=\"text\/javascript\">\n                window.fluent_form_ff_form_instance_4_1 = {\"id\":\"4\",\"ajaxUrl\":\"https:\\\/\\\/simbiosiindustrial.com\\\/wp-admin\\\/admin-ajax.php\",\"settings\":{\"layout\":{\"labelPlacement\":\"top\",\"helpMessagePlacement\":\"with_label\",\"errorMessagePlacement\":\"inline\",\"cssClassName\":\"\",\"asteriskPlacement\":\"asterisk-right\"},\"restrictions\":{\"denyEmptySubmission\":{\"enabled\":false}}},\"form_instance\":\"ff_form_instance_4_1\",\"form_id_selector\":\"fluentform_4\",\"rules\":{\"names[first_name]\":{\"required\":{\"value\":true,\"message\":\"Aquest camp \\u00e9s obligatori\",\"global\":false,\"global_message\":\"This field is required\"}},\"names[middle_name]\":{\"required\":{\"value\":false,\"message\":\"This field is required\",\"global\":false,\"global_message\":\"This field is required\"}},\"names[last_name]\":{\"required\":{\"value\":false,\"message\":\"This field is required\",\"global\":false,\"global_message\":\"This field is required\"}},\"email\":{\"required\":{\"value\":true,\"message\":\"Este campo es obligatorio\",\"global\":false,\"global_message\":\"This field is required\"},\"email\":{\"value\":false,\"message\":\"This field must contain a valid email\",\"global\":false,\"global_message\":\"This field must contain a valid email\"}},\"input_text\":{\"required\":{\"value\":false,\"message\":\"This field is required\",\"global\":false,\"global_message\":\"This field is required\"}},\"input_text_1\":{\"required\":{\"value\":false,\"message\":\"This field is required\",\"global\":false,\"global_message\":\"This field is required\"}},\"phone\":{\"required\":{\"value\":false,\"message\":\"This field is required\",\"global\":false,\"global_message\":\"This field is required\"},\"valid_phone_number\":{\"value\":false,\"message\":\"Phone number is not valid\",\"global\":false,\"global_message\":\"Phone number is not valid\"}},\"description\":{\"required\":{\"value\":true,\"message\":\"Este campo es obligatorio\",\"global\":false,\"global_message\":\"This field is required\"}},\"gdpr-agreement\":{\"required\":{\"value\":true,\"message\":\"This field is required\",\"global\":false,\"global_message\":\"This field is required\"}},\"g-recaptcha-response\":[]},\"debounce_time\":300};\n                            <\/script>\n            <\/div>\n\n\t\t<\/div><\/div><div id=\"div_block-34-77\" class=\"ct-div-block w-full\" ><div id=\"text_block-37-77\" class=\"ct-text-block\" >Us informem que, en compliment del Reglament Europeu de Protecci\u00f3 de dades (RGPD 2016\/679) i de la Llei Org\u00e0nica 3\/2018 de Protecci\u00f3 de dades personals i garantia dels drets digitals, aix\u00ed com altra legislaci\u00f3 vigent:- Autoritzeu Nodus Barber\u00e0 a tractar les vostres dades personals, necess\u00e0ries per a l\u2019activitat de promoci\u00f3 econ\u00f2mica i amb la finalitat de la promoci\u00f3 del projecte Simbiosi Industrial: Revaloritzem els recursos sobrants.- Autoritzeu Nodus Barber\u00e0 a fer \u00fas de les vostres dades per fer-vos arribar informaci\u00f3 i comunicacions sobre els serveis, les activitats i els esdeveniments relacionats amb l\u2019activitat de la promoci\u00f3 econ\u00f2mica i el projecte Simbiosi Industrial: Revaloritzem els recursos sobrants. Les vostres dades podran ser comunicades a administracions p\u00fabliques amb compet\u00e8ncies en aquestes mat\u00e8ries i a empreses i institucions de car\u00e0cter p\u00fablic i privat amb la finalitat indicada, aix\u00ed com quan s\u2019estableixi per imperatiu legal.- Les vostres dades es conservaran pel termini que estableixi la legislaci\u00f3 en mat\u00e8ria d\u2019arxiu documental.- Podeu accedir a les vostres dades, rectificar-les, suprimir-les, sol\u00b7licitar-ne la portabilitat, oposar-vos al tractament i sol\u00b7licitar-ne la limitaci\u00f3, adre\u00e7ant-vos al correu electr\u00f2nic nodus@nodusbarbera.cat de la societat ACTIVIDADES INTEGRADAS, S. A. \u2013 A59313239, amb domicili a C\/ Mogoda, 1. Pol. Ind. Can Salvatella. 08210 Barber\u00e0 del Vall\u00e8s. Tel\u00e8fon 937297272.<\/div><\/div><\/div><\/section>","protected":false},"excerpt":{"rendered":"","protected":false},"author":2,"featured_media":771,"parent":0,"menu_order":0,"comment_status":"closed","ping_status":"closed","template":"","meta":{"_acf_changed":false,"inline_featured_image":false,"footnotes":""},"class_list":["post-859","page","type-page","status-publish","has-post-thumbnail","hentry"],"acf":[],"_links":{"self":[{"href":"https:\/\/simbiosiindustrial.com\/es\/wp-json\/wp\/v2\/pages\/859","targetHints":{"allow":["GET"]}}],"collection":[{"href":"https:\/\/simbiosiindustrial.com\/es\/wp-json\/wp\/v2\/pages"}],"about":[{"href":"https:\/\/simbiosiindustrial.com\/es\/wp-json\/wp\/v2\/types\/page"}],"author":[{"embeddable":true,"href":"https:\/\/simbiosiindustrial.com\/es\/wp-json\/wp\/v2\/users\/2"}],"replies":[{"embeddable":true,"href":"https:\/\/simbiosiindustrial.com\/es\/wp-json\/wp\/v2\/comments?post=859"}],"version-history":[{"count":1,"href":"https:\/\/simbiosiindustrial.com\/es\/wp-json\/wp\/v2\/pages\/859\/revisions"}],"predecessor-version":[{"id":861,"href":"https:\/\/simbiosiindustrial.com\/es\/wp-json\/wp\/v2\/pages\/859\/revisions\/861"}],"wp:featuredmedia":[{"embeddable":true,"href":"https:\/\/simbiosiindustrial.com\/es\/wp-json\/wp\/v2\/media\/771"}],"wp:attachment":[{"href":"https:\/\/simbiosiindustrial.com\/es\/wp-json\/wp\/v2\/media?parent=859"}],"curies":[{"name":"wp","href":"https:\/\/api.w.org\/{rel}","templated":true}]}}