{"id":853,"date":"2023-09-22T15:50:44","date_gmt":"2023-09-22T13:50:44","guid":{"rendered":"https:\/\/simbiosiindustrial.com\/recursos\/"},"modified":"2024-01-22T14:39:30","modified_gmt":"2024-01-22T12:39:30","slug":"recursos","status":"publish","type":"page","link":"https:\/\/simbiosiindustrial.com\/es\/recursos\/","title":{"rendered":"Recursos"},"content":{"rendered":"<section id=\"section-38-179\" class=\" ct-section\" ><div class=\"ct-section-inner-wrap\"><div id=\"div_block-39-179\" class=\"ct-div-block mb-12\" ><h1 id=\"headline-40-179\" class=\"ct-headline gradient-txt text-5xl font-normal\">Recursos<\/h1><\/div><div id=\"div_block-41-179\" class=\"ct-div-block grid grid-cols-2 w-full gap-16 lg-grid-cols-1\" ><div id=\"div_block-57-179\" class=\"ct-div-block w-full mx-auto my-auto lg-order-first\" ><img decoding=\"async\"  id=\"image-58-179\" alt=\"Dues persones en un espai de Networking parlant.\" src=\"https:\/\/simbiosiindustrial.com\/wp-content\/uploads\/2023\/09\/Rectangle-20.png\" class=\"ct-image w-full rounded-xl\"\/><\/div><div id=\"div_block-42-179\" class=\"ct-div-block my-auto\" ><h2 id=\"headline-43-179\" class=\"ct-headline text-5xl mb-4 font-normal\">Foment de la cooperaci\u00f3 empresarial<br><\/h2><div id=\"text_block-44-179\" class=\"ct-text-block text-xl mb-6\" >La simbiosi industrial facilita l\u2019aparici\u00f3 de sin\u00e8rgies entre empreses i potencia un networking altament efectiu i enriquidor pel teixit industrial.<br><\/div><div id=\"_rich_text-45-179\" class=\"oxy-rich-text\" ><ul><li>Facilitar a les empreses locals conceptes, metodologies i experi\u00e8ncies de simbiosi industrial aplicables als Pol\u00edgons d\u2019Activitat Econ\u00f2mica (PAE)<\/li><li>Caracter\u00edstiques exposici\u00f3: un sol panell en format photocall, estructura desmuntable, mides: 3,75m x 2,50m<\/li><li>Recollida i trasllat de l\u2019exposici\u00f3 a c\u00e0rrec del personal t\u00e8cnic dels tres ajuntaments.<\/li><\/ul><\/div><div id=\"code_block-46-179\" class=\"ct-code-block\" ><\/div><div id=\"div_block-29-184\" class=\"ct-div-block\" ><div id=\"_rich_text-32-184\" class=\"oxy-rich-text text-lg font-normal\" ><ul><li>Definici\u00f3 i recerca de projectes conjunts entre empreses perqu\u00e8 se\u2019n puguin beneficiar m\u00fatuament.<\/li><li>Facilitar l\u2019intercanvi de coneixements, experi\u00e8ncies i contactes.<\/li><\/ul><\/div><div id=\"code_block-34-184\" class=\"ct-code-block\" ><\/div><\/div><div id=\"div_block-26-184\" class=\"ct-div-block\" ><a id=\"link_button-56-179\" class=\"ct-link-button bg-gradient rounded-full px-8 border-none font-bold letter-spacing bt-hover mb-2\" href=\"https:\/\/simbiosiindustrial.com\/contacte\/\" target=\"_self\"  >Contacta'ns<\/a><div id=\"text_block-27-184\" class=\"ct-text-block mx-auto\" >T'assessorem en el proc\u00e9s de la Simbiosi Industrial<\/div><\/div><\/div><\/div><\/div><\/section>\n\n<section id=\"section-3-187\" class=\" ct-section\" ><div class=\"ct-section-inner-wrap\"><div id=\"div_block-33-187\" class=\"ct-div-block bg-alt rounded-xl\" ><h2 id=\"headline-35-187\" class=\"ct-headline text-5xl font-normal color-paragraph mb-4 pl-12 pt-12\">Ajuts i subvencions<\/h2><div id=\"div_block-4-187\" class=\"ct-div-block grid grid-cols-2 rounded-xl p-12 bg-alt gap-16 pt-2 md-grid-cols-1\" ><div id=\"div_block-5-187\" class=\"ct-div-block \" ><div id=\"text_block-8-187\" class=\"ct-text-block\" >Des dels diferents ens p\u00fablics pots optar a ajuts i subvencions en mat\u00e8ria d\u2019economia circular com ara residus, transici\u00f3 energ\u00e8tica o mobilitat sostenible entre d\u2019altres, i que pots consultar aqu\u00ed:<\/div><\/div><div id=\"div_block-10-187\" class=\"ct-div-block\" ><div id=\"div_block-11-187\" class=\"ct-div-block py-2 w-full\" ><a id=\"text_block-12-187\" class=\"ct-link-text text-xl color-paragraph mr-10\" href=\"https:\/\/residus.gencat.cat\/ca\/consultes_i_tramits_-_nou\/subvencions\/\" target=\"_blank\"  >ACCI\u00d3: Subvencions per impulsar la innovaci\u00f3 a la teva empresa.<\/a><img decoding=\"async\"  id=\"image-15-187\" alt=\"\" src=\"https:\/\/simbiosiindustrial.com\/wp-content\/uploads\/2023\/09\/arrow-next-1.svg\" class=\"ct-image my-auto\"\/><\/div><div id=\"div_block-16-187\" class=\"ct-div-block py-2 w-full\" ><a id=\"link_text-17-187\" class=\"ct-link-text text-xl color-paragraph mr-10\" href=\"https:\/\/residus.gencat.cat\/ca\/consultes_i_tramits_-_nou\/subvencions\/\" target=\"_blank\"  >Ag\u00e8ncia de Residus de Catalunya<\/a><img decoding=\"async\"  id=\"image-18-187\" alt=\"\" src=\"https:\/\/simbiosiindustrial.com\/wp-content\/uploads\/2023\/09\/arrow-next-1.svg\" class=\"ct-image my-auto ml-auto\"\/><\/div><div id=\"div_block-19-187\" class=\"ct-div-block py-2 w-full\" ><a id=\"link_text-20-187\" class=\"ct-link-text text-xl color-paragraph mr-10\" href=\"https:\/\/web.gencat.cat\/ca\/tramits\/tramits-temes\/?mostraFulls=true&#038;tema=75c35640-a82c-11e3-a972-000c29052e2c&#038;subtema=75c68a92-a82c-11e3-a972-000c29052e2c\" target=\"_blank\"  >Generalitat de Catalunya: Residus<\/a><img decoding=\"async\"  id=\"image-21-187\" alt=\"\" src=\"https:\/\/simbiosiindustrial.com\/wp-content\/uploads\/2023\/09\/arrow-next-1.svg\" class=\"ct-image my-auto ml-auto\"\/><\/div><div id=\"div_block-22-187\" class=\"ct-div-block py-2 w-full\" ><a id=\"link_text-23-187\" class=\"ct-link-text text-xl color-paragraph mr-10\" href=\"https:\/\/web.gencat.cat\/ca\/tramits\/tramits-temes\/?mostraFulls=true&#038;tema=75c35640-a82c-11e3-a972-000c29052e2c&#038;subtema=e2323f88-9e40-11e9-959c-005056924a59\" target=\"_blank\"  >Generalitat de Catalunya: Gesti\u00f3 Ambiental<\/a><img decoding=\"async\"  id=\"image-24-187\" alt=\"\" src=\"https:\/\/simbiosiindustrial.com\/wp-content\/uploads\/2023\/09\/arrow-next-1.svg\" class=\"ct-image my-auto ml-auto\"\/><\/div><\/div><\/div><\/div><\/div><\/section>\n\n<section id=\"section-43-190\" class=\" ct-section\" ><div class=\"ct-section-inner-wrap\"><img decoding=\"async\"  id=\"image-45-190\" alt=\"tres personas a una taula organitzant el dia de treball.\" src=\"https:\/\/simbiosiindustrial.com\/wp-content\/uploads\/2023\/09\/Rectangle-1-1.png\" class=\"ct-image\"\/><\/div><\/section><section id=\"section-37-187\" class=\" ct-section\" ><div class=\"ct-section-inner-wrap\"><div id=\"div_block-38-187\" class=\"ct-div-block rounded-xl\" ><h2 id=\"headline-39-187\" class=\"ct-headline text-5xl font-normal color-paragraph pl-12 pt-12 mx-auto mb-12\">Webs de refer\u00e8ncia<\/h2><div id=\"div_block-40-187\" class=\"ct-div-block grid grid-cols-2 rounded-xl p-12 gap-16 pt-2 md-grid-cols-1\" ><div id=\"div_block-43-187\" class=\"ct-div-block\" ><div id=\"div_block-44-187\" class=\"ct-div-block py-2 w-full\" ><a id=\"link_text-45-187\" class=\"ct-link-text text-xl color-paragraph mr-10\" href=\"http:\/\/vallescircular.com\/\" target=\"_blank\"  >Vall\u00e8s Circular<\/a><img decoding=\"async\"  id=\"image-46-187\" alt=\"\" src=\"https:\/\/simbiosiindustrial.com\/wp-content\/uploads\/2023\/09\/arrow-next-1.svg\" class=\"ct-image my-auto ml-auto\"\/><\/div><div id=\"div_block-47-187\" class=\"ct-div-block py-2 w-full\" ><a id=\"link_text-48-187\" class=\"ct-link-text text-xl color-paragraph mr-10\" href=\"https:\/\/mediambient.gencat.cat\/ca\/05_ambits_dactuacio\/empresa_i_produccio_sostenible\/economia_verda\/catalunya_circular\/\" target=\"_blank\"  >Catalunya Circular: l\u2019Observatori d\u2019Economia Circular<\/a><img decoding=\"async\"  id=\"image-49-187\" alt=\"\" src=\"https:\/\/simbiosiindustrial.com\/wp-content\/uploads\/2023\/09\/arrow-next-1.svg\" class=\"ct-image my-auto ml-auto\"\/><\/div><div id=\"div_block-50-187\" class=\"ct-div-block py-2 w-full\" ><a id=\"link_text-51-187\" class=\"ct-link-text text-xl color-paragraph mr-10\" href=\"https:\/\/agenciaeconomica.amb.cat\/economia-circular\" target=\"_blank\"  >Plataforma recursos circulars. Ag\u00e8ncia Metropolitana de Barcelona<\/a><img decoding=\"async\"  id=\"image-52-187\" alt=\"\" src=\"https:\/\/simbiosiindustrial.com\/wp-content\/uploads\/2023\/09\/arrow-next-1.svg\" class=\"ct-image my-auto ml-auto\"\/><\/div><div id=\"div_block-53-187\" class=\"ct-div-block py-2\" ><a id=\"link_text-54-187\" class=\"ct-link-text text-xl color-paragraph mr-10\" href=\"https:\/\/www.autodiagnosi-ec.fci.cat\/\" target=\"_blank\"  >Eina Autodiagnosi Economia Circular Fundaci\u00f3 CECOT Innovaci\u00f3<\/a><img decoding=\"async\"  id=\"image-55-187\" alt=\"\" src=\"https:\/\/simbiosiindustrial.com\/wp-content\/uploads\/2023\/09\/arrow-next-1.svg\" class=\"ct-image my-auto\"\/><\/div><\/div><div id=\"div_block-22-190\" class=\"ct-div-block\" ><div id=\"div_block-23-190\" class=\"ct-div-block py-2 w-full\" ><a id=\"link_text-24-190\" class=\"ct-link-text text-xl color-paragraph mr-10\" href=\"https:\/\/www.residuesrecurs.cat\/\" target=\"_blank\"  >Residurecurs<\/a><img decoding=\"async\"  id=\"image-25-190\" alt=\"\" src=\"https:\/\/simbiosiindustrial.com\/wp-content\/uploads\/2023\/09\/arrow-next-1.svg\" class=\"ct-image my-auto ml-auto\"\/><\/div><div id=\"div_block-70-190\" class=\"ct-div-block py-2 w-full\" ><a id=\"link_text-71-190\" class=\"ct-link-text text-xl color-paragraph mr-10\" href=\"https:\/\/www.simbiosiindustrial.cat\/ca\/\" target=\"_blank\"  >Plataforma de Simbiosi Industrial de Catalunya<\/a><img decoding=\"async\"  id=\"image-72-190\" alt=\"\" src=\"https:\/\/simbiosiindustrial.com\/wp-content\/uploads\/2023\/09\/arrow-next-1.svg\" class=\"ct-image my-auto ml-auto\"\/><\/div><div id=\"div_block-26-190\" class=\"ct-div-block py-2 w-full\" ><a id=\"link_text-27-190\" class=\"ct-link-text text-xl color-paragraph mr-10\" href=\"http:\/\/www.laboratorioecoinnovacion.com\/\" target=\"_blank\"  >Laboratorio ecoinovaci\u00f3n<\/a><img decoding=\"async\"  id=\"image-28-190\" alt=\"\" src=\"https:\/\/simbiosiindustrial.com\/wp-content\/uploads\/2023\/09\/arrow-next-1.svg\" class=\"ct-image my-auto ml-auto\"\/><\/div><div id=\"div_block-29-190\" class=\"ct-div-block py-2 w-full\" ><a id=\"link_text-30-190\" class=\"ct-link-text text-xl color-paragraph mr-10\" href=\"https:\/\/www.accio.gencat.cat\/ca\/sectors\/economia-circular\/\" target=\"_blank\"  >ACCIO: activitats i missions de l\u2019\u00e0mbit de l\u2019economia circular<\/a><img decoding=\"async\"  id=\"image-31-190\" alt=\"\" src=\"https:\/\/simbiosiindustrial.com\/wp-content\/uploads\/2023\/09\/arrow-next-1.svg\" class=\"ct-image my-auto ml-auto\"\/><\/div><div id=\"div_block-32-190\" class=\"ct-div-block py-2 w-full\" ><a id=\"link_text-33-190\" class=\"ct-link-text text-xl color-paragraph mr-10\" href=\"https:\/\/residus.gencat.cat\/ca\/inici\/\" target=\"_blank\"  >Ag\u00e8ncia de Residus de Catalunya<br><\/a><img decoding=\"async\"  id=\"image-34-190\" alt=\"\" src=\"https:\/\/simbiosiindustrial.com\/wp-content\/uploads\/2023\/09\/arrow-next-1.svg\" class=\"ct-image my-auto ml-auto\"\/><\/div><\/div><\/div><\/div><\/div><\/section>\n\n<section id=\"section-3-193\" class=\" ct-section\" ><div class=\"ct-section-inner-wrap\"><div id=\"div_block-5-193\" class=\"ct-div-block w-full rounded-xl p-12\" ><h2 id=\"headline-8-193\" class=\"ct-headline text-3xl font-normal mx-auto mb-6 text-center\">Manual de bones pr\u00e0ctiques<\/h2><div id=\"text_block-10-193\" class=\"ct-text-block w-1by3 text-center mx-auto font-normal text-lg mb-6 md-w-full\" >Descarrega\u2019t ara el manual de bones pr\u00e0ctiques elaborat per a empreses dels Pol\u00edgons del Vall\u00e8s Occidental.<\/div><a id=\"link_button-13-193\" class=\"ct-link-button bg-gradient rounded-full px-8 border-none font-bold letter-spacing bt-hover mx-auto\" href=\"https:\/\/simbiosiindustrial.com\/wp-content\/uploads\/guia-recull-bones-practiques.pdf\" target=\"_self\"  >Descarregar el Manual<\/a><\/div><\/div><\/section>\n\n<section id=\"section-3-77\" class=\" ct-section\" ><div class=\"ct-section-inner-wrap\"><div id=\"div_block-4-77\" class=\"ct-div-block mx-auto mb-16\" ><h2 id=\"headline-5-77\" class=\"ct-headline color-paragraph mb-4 text-5xl\">Consulta'ns per rebre m\u00e9s informaci\u00f3\n<\/h2><div id=\"text_block-7-77\" class=\"ct-text-block color-paragraph\" >Descobreix si la teva empresa \u00e9s la candidata perfecta per comen\u00e7ar a estalviar.\n<\/div><\/div><div id=\"div_block-9-77\" class=\"ct-div-block grid grid-cols-2 w-full gap-6 mb-24 md-grid-cols-1\" ><div id=\"div_block-10-77\" class=\"ct-div-block my-auto\" ><div id=\"div_block-11-77\" class=\"ct-div-block mb-6\" ><img decoding=\"async\"  id=\"image-12-77\" alt=\"\" src=\"https:\/\/simbiosiindustrial.com\/wp-content\/uploads\/2023\/09\/question-circle-1-5.svg\" class=\"ct-image mr-6\"\/><p id=\"text_block-13-77\" class=\"ct-text-block font-normal text-2xl color-paragraph\" >Gastes massa en la gesti\u00f3 dels teus residus?<\/p><\/div><div id=\"div_block-15-77\" class=\"ct-div-block mb-6\" ><img decoding=\"async\"  id=\"image-16-77\" alt=\"\" src=\"https:\/\/simbiosiindustrial.com\/wp-content\/uploads\/2023\/09\/question-circle-1-5.svg\" class=\"ct-image mr-6\"\/><p id=\"text_block-17-77\" class=\"ct-text-block font-normal text-2xl color-paragraph\" >Pots utilitzar materials reciclats?<\/p><\/div><div id=\"div_block-18-77\" class=\"ct-div-block mb-6\" ><img decoding=\"async\"  id=\"image-19-77\" alt=\"\" src=\"https:\/\/simbiosiindustrial.com\/wp-content\/uploads\/2023\/09\/question-circle-1-5.svg\" class=\"ct-image mr-6\"\/><p id=\"text_block-20-77\" class=\"ct-text-block font-normal text-2xl color-paragraph\" >Tens calor que no aprofites? Necessites fred? Utilitzes l\u2019aigua de la pluja o regenerada?<\/p><\/div><div id=\"div_block-21-77\" class=\"ct-div-block mb-6\" ><img decoding=\"async\"  id=\"image-22-77\" alt=\"\" src=\"https:\/\/simbiosiindustrial.com\/wp-content\/uploads\/2023\/09\/question-circle-1-5.svg\" class=\"ct-image mr-6\"\/><p id=\"text_block-23-77\" class=\"ct-text-block font-normal text-2xl color-paragraph\" >Tens maquin\u00e0ria aturada, camions mig plens o naus buides?<\/p><\/div><\/div><div id=\"div_block-30-77\" class=\"ct-div-block p-10 rounded-xl w-5by6 mx-auto sm-w-full md-w-full\" ><div id=\"text_block-32-77\" class=\"ct-text-block mb-6 mx-auto text-xl\" >Escriu-nos!<\/div>\n\t\t<div id=\"-form_widget-38-77\" class=\"oxy-form-widget w-full ff-oxy-element\" ><div class='fluentform ff-default fluentform_wrapper_4 ffs_default_wrap'><form data-form_id=\"4\" id=\"fluentform_4\" class=\"frm-fluent-form fluent_form_4 ff-el-form-top ff_form_instance_4_1 ff-form-loading ffs_default\" data-form_instance=\"ff_form_instance_4_1\" method=\"POST\" ><fieldset  style=\"border: none!important;margin: 0!important;padding: 0!important;background-color: transparent!important;box-shadow: none!important;outline: none!important; min-inline-size: 100%;\">\n                    <legend class=\"ff_screen_reader_title\" style=\"display: block; margin: 0!important;padding: 0!important;height: 0!important;text-indent: -999999px;width: 0!important;overflow:hidden;\">\u00a1Escr\u00edbenos! ES<\/legend>        <div\n                style=\"display: none!important; position: absolute!important; transform: translateX(1000%)!important;\"\n                class=\"ff-el-group ff-hpsf-container\"\n        >\n            <div class=\"ff-el-input--label asterisk-right\">\n                <label for=\"ff_4_item_sf\" aria-label=\"Newsletter\">\n                    Newsletter                <\/label>\n            <\/div>\n            <div class=\"ff-el-input--content\">\n                <input type=\"text\"\n                       name=\"item_4__fluent_sf\"\n                       class=\"ff-el-form-control\"\n                       id=\"ff_4_item_sf\"\n                \/>\n            <\/div>\n        <\/div>\n        <input type='hidden' name='__fluent_form_embded_post_id' value='853' \/><input type=\"hidden\" id=\"_fluentform_4_fluentformnonce\" name=\"_fluentform_4_fluentformnonce\" value=\"12870e1de5\" \/><input type=\"hidden\" name=\"_wp_http_referer\" value=\"\/es\/wp-json\/wp\/v2\/pages\/853\" \/><div data-type=\"name-element\" data-name=\"names\" class=\" ff-field_container ff-name-field-wrapper contacte\" ><div class='ff-t-container'><div class='ff-t-cell '><div class='ff-el-group  ff-el-form-hide_label'><div class=\"ff-el-input--label ff-el-is-required asterisk-right\"><label for='ff_4_names_first_name_' id='label_ff_4_names_first_name_' >Nom <\/label><\/div><div class='ff-el-input--content'><input type=\"text\" name=\"names[first_name]\" id=\"ff_4_names_first_name_\" class=\"ff-el-form-control\" placeholder=\"Nombre y Apellidos\" aria-invalid=\"false\" aria-required=true><\/div><\/div><\/div><\/div><\/div><div class='ff-el-group ff-el-form-hide_label'><div class=\"ff-el-input--label ff-el-is-required asterisk-right\"><label for='ff_4_email' id='label_ff_4_email' aria-label=\"Correo Electr\u00f3nico\">Correo Electr\u00f3nico<\/label><\/div><div class='ff-el-input--content'><input type=\"email\" name=\"email\" id=\"ff_4_email\" class=\"ff-el-form-control\" placeholder=\"Correo Electr\u00f3nico\" data-name=\"email\"  aria-invalid=\"false\" aria-required=true><\/div><\/div><div class='ff-el-group ff-el-form-hide_label'><div class=\"ff-el-input--label asterisk-right\"><label for='ff_4_input_text' id='label_ff_4_input_text' aria-label=\"Empresa\">Empresa<\/label><\/div><div class='ff-el-input--content'><input type=\"text\" name=\"input_text\" class=\"ff-el-form-control\" placeholder=\"Empresa\" data-name=\"input_text\" id=\"ff_4_input_text\"  aria-invalid=\"false\" aria-required=false><\/div><\/div><div class='ff-el-group ff-el-form-hide_label'><div class=\"ff-el-input--label asterisk-right\"><label for='ff_4_input_text_1' id='label_ff_4_input_text_1' aria-label=\"Ciudad\">Ciudad<\/label><\/div><div class='ff-el-input--content'><input type=\"text\" name=\"input_text_1\" class=\"ff-el-form-control\" placeholder=\"Ciudad\" data-name=\"input_text_1\" id=\"ff_4_input_text_1\"  aria-invalid=\"false\" aria-required=false><\/div><\/div><div class='ff-el-group ff-el-form-hide_label'><div class=\"ff-el-input--label asterisk-right\"><label for='ff_4_phone' id='label_ff_4_phone' aria-label=\"Tel\u00e8fon\/M\u00f2bil\">Tel\u00e8fon\/M\u00f2bil<\/label><\/div><div class='ff-el-input--content'><input name=\"phone\" class=\"ff-el-form-control ff-el-phone\" type=\"tel\" placeholder=\"Tel\u00e9fono\" data-name=\"phone\" id=\"ff_4_phone\" inputmode=\"tel\"  aria-invalid='false' aria-required=false><\/div><\/div><div class='ff-el-group ff-el-form-hide_label'><div class=\"ff-el-input--label ff-el-is-required asterisk-right\"><label for='ff_4_description' id='label_ff_4_description' aria-label=\"\u00c0rea de text\">\u00c0rea de text<\/label><\/div><div class='ff-el-input--content'><textarea aria-required=\"true\" aria-labelledby=\"label_ff_4_description\" name=\"description\" id=\"ff_4_description\" class=\"ff-el-form-control\" placeholder=\"Mensaje\" rows=\"5\" cols=\"2\" data-name=\"description\" ><\/textarea><\/div><\/div><div class='ff-el-group    ff-el-input--content'><div class='ff-el-form-check ff-el-tc'><label aria-label='T\u00e9rminos y condiciones: He le\u00eddo y acepto la pol\u00edtica de privacidad. Contiene 1 enlace. Usa la navegaci\u00f3n por pesta\u00f1as para rese\u00f1ar.' class='ff-el-form-check-label ff_tc_label' for=gdpr-agreement_2469812bb7d9dd7f87e521bc457613c6><span class='ff_tc_checkbox'><input type=\"checkbox\" name=\"gdpr-agreement\" class=\"ff-el-form-check-input ff_gdpr_field\" data-name=\"gdpr-agreement\" id=\"gdpr-agreement_2469812bb7d9dd7f87e521bc457613c6\"  value='on' aria-invalid='false' aria-required=true><\/span> <div class='ff_t_c'>He le\u00eddo y acepto <a href=\"https:\/\/simbiosiindustrial.com\/es\/politica-de-privacidad\/\" class=\"gradient-txt\">la pol\u00edtica de privacidad<\/a>.<\/div><\/label><\/div><\/div><div class='ff-el-group ' ><div class='ff-el-input--content'><div data-fluent_id='4' name='g-recaptcha-response'><div\n\t\tdata-sitekey='6LdYJ-UpAAAAACW84QCKnvotBKtvFdWkVBVrtss5'\n\t\tid='fluentform-recaptcha-4-1'\n\t\tclass='ff-el-recaptcha g-recaptcha'\n\t\tdata-callback='fluentFormrecaptchaSuccessCallback'><\/div><\/div><\/div><\/div><div class='ff-el-group ff-text-left rounded-full ff_submit_btn_wrapper'><button type=\"submit\" class=\"ff-btn ff-btn-submit ff-btn-md bg-gradient w-full letter-spacing bt-hover ff_btn_style\"  aria-label=\"Enviar\">Enviar<\/button><\/div><\/fieldset><\/form><div id='fluentform_4_errors' class='ff-errors-in-stack ff_form_instance_4_1 ff-form-loading_errors ff_form_instance_4_1_errors'><\/div><\/div>            <script type=\"text\/javascript\">\n                window.fluent_form_ff_form_instance_4_1 = {\"id\":\"4\",\"ajaxUrl\":\"https:\\\/\\\/simbiosiindustrial.com\\\/wp-admin\\\/admin-ajax.php\",\"settings\":{\"layout\":{\"labelPlacement\":\"top\",\"helpMessagePlacement\":\"with_label\",\"errorMessagePlacement\":\"inline\",\"cssClassName\":\"\",\"asteriskPlacement\":\"asterisk-right\"},\"restrictions\":{\"denyEmptySubmission\":{\"enabled\":false}}},\"form_instance\":\"ff_form_instance_4_1\",\"form_id_selector\":\"fluentform_4\",\"rules\":{\"names[first_name]\":{\"required\":{\"value\":true,\"message\":\"Aquest camp \\u00e9s obligatori\",\"global\":false,\"global_message\":\"This field is required\"}},\"names[middle_name]\":{\"required\":{\"value\":false,\"message\":\"This field is required\",\"global\":false,\"global_message\":\"This field is required\"}},\"names[last_name]\":{\"required\":{\"value\":false,\"message\":\"This field is required\",\"global\":false,\"global_message\":\"This field is required\"}},\"email\":{\"required\":{\"value\":true,\"message\":\"Este campo es obligatorio\",\"global\":false,\"global_message\":\"This field is required\"},\"email\":{\"value\":false,\"message\":\"This field must contain a valid email\",\"global\":false,\"global_message\":\"This field must contain a valid email\"}},\"input_text\":{\"required\":{\"value\":false,\"message\":\"This field is required\",\"global\":false,\"global_message\":\"This field is required\"}},\"input_text_1\":{\"required\":{\"value\":false,\"message\":\"This field is required\",\"global\":false,\"global_message\":\"This field is required\"}},\"phone\":{\"required\":{\"value\":false,\"message\":\"This field is required\",\"global\":false,\"global_message\":\"This field is required\"},\"valid_phone_number\":{\"value\":false,\"message\":\"Phone number is not valid\",\"global\":false,\"global_message\":\"Phone number is not valid\"}},\"description\":{\"required\":{\"value\":true,\"message\":\"Este campo es obligatorio\",\"global\":false,\"global_message\":\"This field is required\"}},\"gdpr-agreement\":{\"required\":{\"value\":true,\"message\":\"This field is required\",\"global\":false,\"global_message\":\"This field is required\"}},\"g-recaptcha-response\":[]},\"debounce_time\":300};\n                            <\/script>\n            <\/div>\n\n\t\t<\/div><\/div><div id=\"div_block-34-77\" class=\"ct-div-block w-full\" ><div id=\"text_block-37-77\" class=\"ct-text-block\" >Us informem que, en compliment del Reglament Europeu de Protecci\u00f3 de dades (RGPD 2016\/679) i de la Llei Org\u00e0nica 3\/2018 de Protecci\u00f3 de dades personals i garantia dels drets digitals, aix\u00ed com altra legislaci\u00f3 vigent:- Autoritzeu Nodus Barber\u00e0 a tractar les vostres dades personals, necess\u00e0ries per a l\u2019activitat de promoci\u00f3 econ\u00f2mica i amb la finalitat de la promoci\u00f3 del projecte Simbiosi Industrial: Revaloritzem els recursos sobrants.- Autoritzeu Nodus Barber\u00e0 a fer \u00fas de les vostres dades per fer-vos arribar informaci\u00f3 i comunicacions sobre els serveis, les activitats i els esdeveniments relacionats amb l\u2019activitat de la promoci\u00f3 econ\u00f2mica i el projecte Simbiosi Industrial: Revaloritzem els recursos sobrants. Les vostres dades podran ser comunicades a administracions p\u00fabliques amb compet\u00e8ncies en aquestes mat\u00e8ries i a empreses i institucions de car\u00e0cter p\u00fablic i privat amb la finalitat indicada, aix\u00ed com quan s\u2019estableixi per imperatiu legal.- Les vostres dades es conservaran pel termini que estableixi la legislaci\u00f3 en mat\u00e8ria d\u2019arxiu documental.- Podeu accedir a les vostres dades, rectificar-les, suprimir-les, sol\u00b7licitar-ne la portabilitat, oposar-vos al tractament i sol\u00b7licitar-ne la limitaci\u00f3, adre\u00e7ant-vos al correu electr\u00f2nic nodus@nodusbarbera.cat de la societat ACTIVIDADES INTEGRADAS, S. A. \u2013 A59313239, amb domicili a C\/ Mogoda, 1. Pol. Ind. Can Salvatella. 08210 Barber\u00e0 del Vall\u00e8s. Tel\u00e8fon 937297272.<\/div><\/div><\/div><\/section>","protected":false},"excerpt":{"rendered":"","protected":false},"author":2,"featured_media":752,"parent":0,"menu_order":0,"comment_status":"closed","ping_status":"closed","template":"","meta":{"_acf_changed":false,"inline_featured_image":false,"footnotes":""},"class_list":["post-853","page","type-page","status-publish","has-post-thumbnail","hentry"],"acf":[],"_links":{"self":[{"href":"https:\/\/simbiosiindustrial.com\/es\/wp-json\/wp\/v2\/pages\/853","targetHints":{"allow":["GET"]}}],"collection":[{"href":"https:\/\/simbiosiindustrial.com\/es\/wp-json\/wp\/v2\/pages"}],"about":[{"href":"https:\/\/simbiosiindustrial.com\/es\/wp-json\/wp\/v2\/types\/page"}],"author":[{"embeddable":true,"href":"https:\/\/simbiosiindustrial.com\/es\/wp-json\/wp\/v2\/users\/2"}],"replies":[{"embeddable":true,"href":"https:\/\/simbiosiindustrial.com\/es\/wp-json\/wp\/v2\/comments?post=853"}],"version-history":[{"count":1,"href":"https:\/\/simbiosiindustrial.com\/es\/wp-json\/wp\/v2\/pages\/853\/revisions"}],"predecessor-version":[{"id":855,"href":"https:\/\/simbiosiindustrial.com\/es\/wp-json\/wp\/v2\/pages\/853\/revisions\/855"}],"wp:featuredmedia":[{"embeddable":true,"href":"https:\/\/simbiosiindustrial.com\/es\/wp-json\/wp\/v2\/media\/752"}],"wp:attachment":[{"href":"https:\/\/simbiosiindustrial.com\/es\/wp-json\/wp\/v2\/media?parent=853"}],"curies":[{"name":"wp","href":"https:\/\/api.w.org\/{rel}","templated":true}]}}