{"id":851,"date":"2023-09-20T15:16:56","date_gmt":"2023-09-20T13:16:56","guid":{"rendered":"https:\/\/simbiosiindustrial.com\/que-es-simbiosi-industrial\/"},"modified":"2024-01-22T14:39:45","modified_gmt":"2024-01-22T12:39:45","slug":"que-es-simbiosi-industrial","status":"publish","type":"page","link":"https:\/\/simbiosiindustrial.com\/es\/que-es-simbiosi-industrial\/","title":{"rendered":"Simbiosi Industrial"},"content":{"rendered":"<section id=\"section-3-101\" class=\" ct-section\" ><div class=\"ct-section-inner-wrap\"><div id=\"div_block-4-101\" class=\"ct-div-block\" ><h1 id=\"headline-5-101\" class=\"ct-headline text-5xl font-normal gradient-txt mb-6\">Qu\u00e8 \u00e9s la Simbiosi Industrial?<\/h1><div id=\"_rich_text-7-101\" class=\"oxy-rich-text text-lg font-normal color-paragraph\" ><p>La simbiosi industrial &eacute;s una iniciativa que neix de l'economia circular i la necessitat de reaprofitar els residus que avui en dia l&rsquo;empresa genera. El que plantegem &eacute;s un canvi de perspectiva i passar de l&rsquo;actual model lineal d&rsquo;extreure, utilitzar i llen&ccedil;ar a un on les empreses s'emmirallen en la natura per crear un model circular de reaprofitament.<\/p><\/div><\/div><\/div><\/section>\n\n<section id=\"section-2-102\" class=\" ct-section\" ><div class=\"ct-section-inner-wrap\"><div id=\"div_block-5-102\" class=\"ct-div-block grid grid-cols-3 p-12 gap-6 w-full bg-alt rounded-xl md-grid-cols-1\" ><div id=\"div_block-6-102\" class=\"ct-div-block col-span-2\" ><img decoding=\"async\"  id=\"image-9-102\" alt=\"\" src=\"https:\/\/simbiosiindustrial.com\/wp-content\/uploads\/2023\/09\/comillas.svg\" class=\"ct-image mb-12\"\/><div id=\"text_block-10-102\" class=\"ct-text-block text-4xl color-paragraph font-normal\" >Reconsiderem la manera en la que extraiem energia i passem d\u2019un model lineal i obsolet a una economia circular on els productes d\u2019avui son els recursos de dem\u00e0.<\/div><\/div><div id=\"div_block-7-102\" class=\"ct-div-block my-auto\" ><img decoding=\"async\"  id=\"image-8-102\" alt=\"\" src=\"https:\/\/simbiosiindustrial.com\/wp-content\/uploads\/2023\/09\/Infografia-Projecte-Simbiosi-Industrial-6d5b57b5-2.svg\" class=\"ct-image w-full\"\/><\/div><\/div><\/div><\/section>\n\n<section id=\"section-36-49\" class=\" ct-section grid\" ><div class=\"ct-section-inner-wrap\"><div id=\"div_block-37-49\" class=\"ct-div-block grid grid-cols-2 w-full gap-16 md-grid-cols-1\" ><div id=\"div_block-38-49\" class=\"ct-div-block\" ><h2 id=\"headline-39-49\" class=\"ct-headline text-5xl font-normal mb-4\">\u00bfCom ajuda a l\u2019empresa?<\/h2><\/div><div id=\"div_block-42-49\" class=\"ct-div-block\" ><div id=\"div_block-43-49\" class=\"ct-div-block counter-border-bottom mb-6\" ><h3 id=\"headline-31-109\" class=\"ct-headline gradient-txt text-3xl font-normal\">Cooperaci\u00f3<\/h3><div id=\"text_block-33-109\" class=\"ct-text-block text-xl font-normal\" >Empreses que fins ara havien estat separades, de cop s\u2019uneixen en un \u00fanic ecosistema que permet, no nom\u00e9s l\u2019obtenci\u00f3 de recursos, tamb\u00e9 sin\u00e8rgies que fins ara no s\u2019havien donat.<\/div><\/div><div id=\"div_block-35-109\" class=\"ct-div-block counter-border-bottom mb-6\" ><h3 id=\"headline-36-109\" class=\"ct-headline gradient-txt text-3xl font-normal\">Efici\u00e8ncia<\/h3><div id=\"text_block-37-109\" class=\"ct-text-block text-xl font-normal\" >La reducci\u00f3 de costos d\u2019adquisici\u00f3 i de gesti\u00f3 de residus i subproductes suposa una notable difer\u00e8ncia a nivell de negoci. Tot el que eren costos es converteixen en beneficis, no nom\u00e9s a curt termini, tamb\u00e9 a llarg.<\/div><\/div><div id=\"div_block-38-109\" class=\"ct-div-block counter-border-bottom mb-6\" ><h3 id=\"headline-39-109\" class=\"ct-headline gradient-txt text-3xl font-normal\">I+D+i<\/h3><div id=\"text_block-40-109\" class=\"ct-text-block text-xl font-normal\" >A partir de l\u2019adopci\u00f3 de la simbiosi industrial, l\u2019empresa reorientar\u00e0 la creaci\u00f3 de nous productes amb les idees de l\u2019adquisici\u00f3 de mat\u00e8ries primeres i la reutilitzaci\u00f3 dels residus com a factor clau.<\/div><\/div><div id=\"div_block-46-109\" class=\"ct-div-block centered gap-2\" ><a id=\"link_button-47-109\" class=\"ct-link-button bg-gradient rounded-full px-8 border-none font-bold letter-spacing bt-hover mr-auto\" href=\"https:\/\/simbiosiindustrial.com\/contacte\/\" target=\"_self\"  >Contacta'ns<\/a><div id=\"text_block-48-109\" class=\"ct-text-block text-xs p-late-anim-ol\" >Posa\u2019t en contacte amb nosaltres si vols saber m\u00e9s.\n<\/div><\/div><\/div><\/div><\/div><\/section>\n\n<section id=\"section-70-55\" class=\" ct-section grid\" ><div class=\"ct-section-inner-wrap\"><div id=\"new_columns-71-55\" class=\"ct-new-columns rounded-xl bg-gradient\" ><div id=\"div_block-72-55\" class=\"ct-div-block p-8\" ><div id=\"div_block-73-55\" class=\"ct-div-block my-auto px-12 p-12\" ><div id=\"text_block-12-118\" class=\"ct-text-block text-xl mb-4 color-white font-normal\" >Sabies que...<\/div><div id=\"text_block-14-118\" class=\"ct-text-block text-3xl mb-4 color-white font-normal\" >Al ritme al qual  consumim mat\u00e8ries primeres, necessitem 2 planetes i mig per abastir tot el planeta?<\/div><div id=\"text_block-16-118\" class=\"ct-text-block text-xl mb-4 color-white font-normal\" >Aix\u00f2 no nom\u00e9s afecta els pa\u00efsos en desenvolupament, al nostre pa\u00eds patim les conseq\u00fc\u00e8ncies de forma cada cop m\u00e9s forta, amb un increment de preus o falta d\u2019acc\u00e9s a recursos que s\u00f3n vitals per a moltes empreses.<br><br>Nom\u00e9s la Simbiosi Industrial podr\u00e0 acabar amb aquest problema.<\/div><a id=\"link_button-19-118\" class=\"ct-link-button rounded-full px-12 sm-w-full bt-hover-white\" href=\"https:\/\/simbiosiindustrial.com\/contacte\/\" target=\"_self\"  >Contacta'ns<\/a><\/div><\/div><div id=\"div_block-78-55\" class=\"ct-div-block \" ><img decoding=\"async\"  id=\"image-79-55\" alt=\"\" src=\"https:\/\/simbiosiindustrial.com\/wp-content\/uploads\/2023\/10\/daulet-turubayev-Di1e1Hnr1Us-unsplash.jpg\" class=\"ct-image md-w-full\"\/><\/div><\/div><\/div><\/section>\n\n<section id=\"section-3-68\" class=\" ct-section\" ><div class=\"ct-section-inner-wrap\"><div id=\"div_block-4-68\" class=\"ct-div-block w-full grid-cols-2 grid gap-6 lg-grid-cols-1\" ><div id=\"div_block-5-68\" class=\"ct-div-block mb-6\" ><h2 id=\"headline-8-68\" class=\"ct-headline text-5xl font-normal color-paragraph mb-6 mx-auto\">Per qu\u00e8 implantar la Simbiosi Industrial?<\/h2><div id=\"text_block-10-68\" class=\"ct-text-block text-xl color-paragraph mb-6\" >No es tracta nom\u00e9s de l\u2019impacte econ\u00f2mic a la teva empresa, tamb\u00e9 aconseguir\u00e0s una millora en la reputaci\u00f3 de marca i un millor \u00fas de les mat\u00e8ries primeres que extraiem.<\/div><div id=\"div_block-13-68\" class=\"ct-div-block centered gap-2 lg-mx-auto\" ><a id=\"link_button-14-68\" class=\"ct-link-button bg-gradient rounded-full px-8 border-none font-bold letter-spacing bt-hover\" href=\"https:\/\/simbiosiindustrial.com\/contacte\/\" target=\"_self\"  >Contacta'ns<\/a><div id=\"text_block-15-68\" class=\"ct-text-block text-xs mx-auto\" >Posa\u2019t en contacte amb nosaltres si vols saber m\u00e9s.\n<\/div><\/div><\/div><div id=\"div_block-6-68\" class=\"ct-div-block grid grid-cols-2 gap-6 sm-grid-cols-1\" ><div id=\"div_block-7-68\" class=\"ct-div-block rounded-xl p-8 h-full\" ><img decoding=\"async\"  id=\"image-16-68\" alt=\"\" src=\"https:\/\/simbiosiindustrial.com\/wp-content\/uploads\/2023\/09\/currency-euro-2.svg\" class=\"ct-image mb-2\"\/><h3 id=\"headline-17-68\" class=\"ct-headline text-2xl font-normal color-paragraph mb-2\">Estalvi<\/h3><div id=\"text_block-19-68\" class=\"ct-text-block text-base\" >Reducci\u00f3 de costos operatius i de producci\u00f3 en el tractament i la disposici\u00f3 de residus i adquisici\u00f3 de mat\u00e8ries.<\/div><\/div><div id=\"div_block-21-68\" class=\"ct-div-block rounded-xl p-8 h-full\" ><img decoding=\"async\"  id=\"image-22-68\" alt=\"\" src=\"https:\/\/simbiosiindustrial.com\/wp-content\/uploads\/2023\/09\/synchronize-arrow-search-1.svg\" class=\"ct-image mb-2\"\/><h3 id=\"headline-23-68\" class=\"ct-headline text-2xl font-normal color-paragraph mb-2\">Innovaci\u00f3<\/h3><div id=\"text_block-24-68\" class=\"ct-text-block text-base\" >Foment de l\u2019I+D+i dels processos, ecodisseny de nous productes i aprofitament dels materials al final de la vida \u00fatil.<\/div><\/div><div id=\"div_block-25-68\" class=\"ct-div-block rounded-xl p-8 h-full\" ><img decoding=\"async\"  id=\"image-26-68\" alt=\"\" src=\"https:\/\/simbiosiindustrial.com\/wp-content\/uploads\/2023\/09\/praph-bar-preformance-increase-1.svg\" class=\"ct-image mb-2\"\/><h3 id=\"headline-27-68\" class=\"ct-headline text-2xl font-normal color-paragraph mb-2\">Rendibilitat<\/h3><div id=\"text_block-28-68\" class=\"ct-text-block text-base\" >Augment de la rendibilitat de la teva empresa i els processos de producci\u00f3 per tal de fer-los m\u00e9s eficients.<\/div><\/div><div id=\"div_block-29-68\" class=\"ct-div-block rounded-xl p-8 h-full\" ><img decoding=\"async\"  id=\"image-30-68\" alt=\"\" src=\"https:\/\/simbiosiindustrial.com\/wp-content\/uploads\/2023\/09\/light-mode-brightness-1.svg\" class=\"ct-image mb-2\"\/><h3 id=\"headline-31-68\" class=\"ct-headline text-2xl font-normal color-paragraph mb-2\">Imatge<\/h3><div id=\"text_block-32-68\" class=\"ct-text-block text-base\" >Millora de la reputaci\u00f3 de la teva empresa i del medi ambient garantint el futur de la nostra societat i el planeta.<\/div><\/div><\/div><\/div><\/div><\/section>\n\n<section id=\"section-3-193\" class=\" ct-section\" ><div class=\"ct-section-inner-wrap\"><div id=\"div_block-5-193\" class=\"ct-div-block w-full rounded-xl p-12\" ><h2 id=\"headline-8-193\" class=\"ct-headline text-3xl font-normal mx-auto mb-6 text-center\">Manual de bones pr\u00e0ctiques<\/h2><div id=\"text_block-10-193\" class=\"ct-text-block w-1by3 text-center mx-auto font-normal text-lg mb-6 md-w-full\" >Descarrega\u2019t ara el manual de bones pr\u00e0ctiques el\u00b7laborat per a empreses dels Pol\u00edgons del Vall\u00e9s Occidental.<\/div><a id=\"link_button-13-193\" class=\"ct-link-button bg-gradient rounded-full px-8 border-none font-bold letter-spacing bt-hover mx-auto\" href=\"https:\/\/simbiosiindustrial.com\/wp-content\/uploads\/guia-recull-bones-practiques.pdf\" target=\"_self\"  >Descarregar el Manual<\/a><\/div><\/div><\/section>\n\n<section id=\"section-3-77\" class=\" ct-section\" ><div class=\"ct-section-inner-wrap\"><div id=\"div_block-4-77\" class=\"ct-div-block mx-auto mb-16\" ><h2 id=\"headline-5-77\" class=\"ct-headline color-paragraph mb-4 text-5xl\">Consulta'ns per rebre m\u00e9s informaci\u00f3\n<\/h2><div id=\"text_block-7-77\" class=\"ct-text-block color-paragraph\" >Descobreix si la teva empresa \u00e9s la candidata perfecta per comen\u00e7ar a estalviar.\n<\/div><\/div><div id=\"div_block-9-77\" class=\"ct-div-block grid grid-cols-2 w-full gap-6 mb-24 md-grid-cols-1\" ><div id=\"div_block-10-77\" class=\"ct-div-block my-auto\" ><div id=\"div_block-11-77\" class=\"ct-div-block mb-6\" ><img decoding=\"async\"  id=\"image-12-77\" alt=\"\" src=\"https:\/\/simbiosiindustrial.com\/wp-content\/uploads\/2023\/09\/question-circle-1-5.svg\" class=\"ct-image mr-6\"\/><p id=\"text_block-13-77\" class=\"ct-text-block font-normal text-2xl color-paragraph\" >Gastes massa en la gesti\u00f3 dels teus residus?<\/p><\/div><div id=\"div_block-15-77\" class=\"ct-div-block mb-6\" ><img decoding=\"async\"  id=\"image-16-77\" alt=\"\" src=\"https:\/\/simbiosiindustrial.com\/wp-content\/uploads\/2023\/09\/question-circle-1-5.svg\" class=\"ct-image mr-6\"\/><p id=\"text_block-17-77\" class=\"ct-text-block font-normal text-2xl color-paragraph\" >Pots utilitzar materials reciclats?<\/p><\/div><div id=\"div_block-18-77\" class=\"ct-div-block mb-6\" ><img decoding=\"async\"  id=\"image-19-77\" alt=\"\" src=\"https:\/\/simbiosiindustrial.com\/wp-content\/uploads\/2023\/09\/question-circle-1-5.svg\" class=\"ct-image mr-6\"\/><p id=\"text_block-20-77\" class=\"ct-text-block font-normal text-2xl color-paragraph\" >Tens calor que no aprofites? Necessites fred? Utilitzes l\u2019aigua de la pluja o regenerada?<\/p><\/div><div id=\"div_block-21-77\" class=\"ct-div-block mb-6\" ><img decoding=\"async\"  id=\"image-22-77\" alt=\"\" src=\"https:\/\/simbiosiindustrial.com\/wp-content\/uploads\/2023\/09\/question-circle-1-5.svg\" class=\"ct-image mr-6\"\/><p id=\"text_block-23-77\" class=\"ct-text-block font-normal text-2xl color-paragraph\" >Tens maquin\u00e0ria aturada, camions mig plens o naus buides?<\/p><\/div><\/div><div id=\"div_block-30-77\" class=\"ct-div-block p-10 rounded-xl w-5by6 mx-auto sm-w-full md-w-full\" ><div id=\"text_block-32-77\" class=\"ct-text-block mb-6 mx-auto text-xl\" >Escriu-nos!<\/div>\n\t\t<div id=\"-form_widget-38-77\" class=\"oxy-form-widget w-full ff-oxy-element\" ><div class='fluentform ff-default fluentform_wrapper_4 ffs_default_wrap'><form data-form_id=\"4\" id=\"fluentform_4\" class=\"frm-fluent-form fluent_form_4 ff-el-form-top ff_form_instance_4_1 ff-form-loading ffs_default\" data-form_instance=\"ff_form_instance_4_1\" method=\"POST\" ><fieldset  style=\"border: none!important;margin: 0!important;padding: 0!important;background-color: transparent!important;box-shadow: none!important;outline: none!important; min-inline-size: 100%;\">\n                    <legend class=\"ff_screen_reader_title\" style=\"display: block; margin: 0!important;padding: 0!important;height: 0!important;text-indent: -999999px;width: 0!important;overflow:hidden;\">\u00a1Escr\u00edbenos! ES<\/legend>        <div\n                style=\"display: none!important; position: absolute!important; transform: translateX(1000%)!important;\"\n                class=\"ff-el-group ff-hpsf-container\"\n        >\n            <div class=\"ff-el-input--label asterisk-right\">\n                <label for=\"ff_4_item_sf\" aria-label=\"Contact\">\n                    Contact                <\/label>\n            <\/div>\n            <div class=\"ff-el-input--content\">\n                <input type=\"text\"\n                       name=\"item_4__fluent_sf\"\n                       class=\"ff-el-form-control\"\n                       id=\"ff_4_item_sf\"\n                \/>\n            <\/div>\n        <\/div>\n        <input type='hidden' name='__fluent_form_embded_post_id' value='851' \/><input type=\"hidden\" id=\"_fluentform_4_fluentformnonce\" name=\"_fluentform_4_fluentformnonce\" value=\"e4e3182128\" \/><input type=\"hidden\" name=\"_wp_http_referer\" value=\"\/es\/wp-json\/wp\/v2\/pages\/851\" \/><div data-type=\"name-element\" data-name=\"names\" class=\" ff-field_container ff-name-field-wrapper contacte\" ><div class='ff-t-container'><div class='ff-t-cell '><div class='ff-el-group  ff-el-form-hide_label'><div class=\"ff-el-input--label ff-el-is-required asterisk-right\"><label for='ff_4_names_first_name_' id='label_ff_4_names_first_name_' >Nom <\/label><\/div><div class='ff-el-input--content'><input type=\"text\" name=\"names[first_name]\" id=\"ff_4_names_first_name_\" class=\"ff-el-form-control\" placeholder=\"Nombre y Apellidos\" aria-invalid=\"false\" aria-required=true><\/div><\/div><\/div><\/div><\/div><div class='ff-el-group ff-el-form-hide_label'><div class=\"ff-el-input--label ff-el-is-required asterisk-right\"><label for='ff_4_email' id='label_ff_4_email' aria-label=\"Correo Electr\u00f3nico\">Correo Electr\u00f3nico<\/label><\/div><div class='ff-el-input--content'><input type=\"email\" name=\"email\" id=\"ff_4_email\" class=\"ff-el-form-control\" placeholder=\"Correo Electr\u00f3nico\" data-name=\"email\"  aria-invalid=\"false\" aria-required=true><\/div><\/div><div class='ff-el-group ff-el-form-hide_label'><div class=\"ff-el-input--label asterisk-right\"><label for='ff_4_input_text' id='label_ff_4_input_text' aria-label=\"Empresa\">Empresa<\/label><\/div><div class='ff-el-input--content'><input type=\"text\" name=\"input_text\" class=\"ff-el-form-control\" placeholder=\"Empresa\" data-name=\"input_text\" id=\"ff_4_input_text\"  aria-invalid=\"false\" aria-required=false><\/div><\/div><div class='ff-el-group ff-el-form-hide_label'><div class=\"ff-el-input--label asterisk-right\"><label for='ff_4_input_text_1' id='label_ff_4_input_text_1' aria-label=\"Ciudad\">Ciudad<\/label><\/div><div class='ff-el-input--content'><input type=\"text\" name=\"input_text_1\" class=\"ff-el-form-control\" placeholder=\"Ciudad\" data-name=\"input_text_1\" id=\"ff_4_input_text_1\"  aria-invalid=\"false\" aria-required=false><\/div><\/div><div class='ff-el-group ff-el-form-hide_label'><div class=\"ff-el-input--label asterisk-right\"><label for='ff_4_phone' id='label_ff_4_phone' aria-label=\"Tel\u00e8fon\/M\u00f2bil\">Tel\u00e8fon\/M\u00f2bil<\/label><\/div><div class='ff-el-input--content'><input name=\"phone\" class=\"ff-el-form-control ff-el-phone\" type=\"tel\" placeholder=\"Tel\u00e9fono\" data-name=\"phone\" id=\"ff_4_phone\" inputmode=\"tel\"  aria-invalid='false' aria-required=false><\/div><\/div><div class='ff-el-group ff-el-form-hide_label'><div class=\"ff-el-input--label ff-el-is-required asterisk-right\"><label for='ff_4_description' id='label_ff_4_description' aria-label=\"\u00c0rea de text\">\u00c0rea de text<\/label><\/div><div class='ff-el-input--content'><textarea aria-required=\"true\" aria-labelledby=\"label_ff_4_description\" name=\"description\" id=\"ff_4_description\" class=\"ff-el-form-control\" placeholder=\"Mensaje\" rows=\"5\" cols=\"2\" data-name=\"description\" ><\/textarea><\/div><\/div><div class='ff-el-group    ff-el-input--content'><div class='ff-el-form-check ff-el-tc'><label aria-label='T\u00e9rminos y condiciones: He le\u00eddo y acepto la pol\u00edtica de privacidad. Contiene 1 enlace. Usa la navegaci\u00f3n por pesta\u00f1as para rese\u00f1ar.' class='ff-el-form-check-label ff_tc_label' for=gdpr-agreement_a14ee6678dd5ab72e102cca20e589bed><span class='ff_tc_checkbox'><input type=\"checkbox\" name=\"gdpr-agreement\" class=\"ff-el-form-check-input ff_gdpr_field\" data-name=\"gdpr-agreement\" id=\"gdpr-agreement_a14ee6678dd5ab72e102cca20e589bed\"  value='on' aria-invalid='false' aria-required=true><\/span> <div class='ff_t_c'>He le\u00eddo y acepto <a href=\"https:\/\/simbiosiindustrial.com\/es\/politica-de-privacidad\/\" class=\"gradient-txt\">la pol\u00edtica de privacidad<\/a>.<\/div><\/label><\/div><\/div><div class='ff-el-group ' ><div class='ff-el-input--content'><div data-fluent_id='4' name='g-recaptcha-response'><div\n\t\tdata-sitekey='6LdYJ-UpAAAAACW84QCKnvotBKtvFdWkVBVrtss5'\n\t\tid='fluentform-recaptcha-4-1'\n\t\tclass='ff-el-recaptcha g-recaptcha'\n\t\tdata-callback='fluentFormrecaptchaSuccessCallback'><\/div><\/div><\/div><\/div><div class='ff-el-group ff-text-left rounded-full ff_submit_btn_wrapper'><button type=\"submit\" class=\"ff-btn ff-btn-submit ff-btn-md bg-gradient w-full letter-spacing bt-hover ff_btn_style\"  aria-label=\"Enviar\">Enviar<\/button><\/div><\/fieldset><\/form><div id='fluentform_4_errors' class='ff-errors-in-stack ff_form_instance_4_1 ff-form-loading_errors ff_form_instance_4_1_errors'><\/div><\/div>            <script type=\"text\/javascript\">\n                window.fluent_form_ff_form_instance_4_1 = {\"id\":\"4\",\"ajaxUrl\":\"https:\\\/\\\/simbiosiindustrial.com\\\/wp-admin\\\/admin-ajax.php\",\"settings\":{\"layout\":{\"labelPlacement\":\"top\",\"helpMessagePlacement\":\"with_label\",\"errorMessagePlacement\":\"inline\",\"cssClassName\":\"\",\"asteriskPlacement\":\"asterisk-right\"},\"restrictions\":{\"denyEmptySubmission\":{\"enabled\":false}}},\"form_instance\":\"ff_form_instance_4_1\",\"form_id_selector\":\"fluentform_4\",\"rules\":{\"names[first_name]\":{\"required\":{\"value\":true,\"message\":\"Aquest camp \\u00e9s obligatori\",\"global\":false,\"global_message\":\"This field is required\"}},\"names[middle_name]\":{\"required\":{\"value\":false,\"message\":\"This field is required\",\"global\":false,\"global_message\":\"This field is required\"}},\"names[last_name]\":{\"required\":{\"value\":false,\"message\":\"This field is required\",\"global\":false,\"global_message\":\"This field is required\"}},\"email\":{\"required\":{\"value\":true,\"message\":\"Este campo es obligatorio\",\"global\":false,\"global_message\":\"This field is required\"},\"email\":{\"value\":false,\"message\":\"This field must contain a valid email\",\"global\":false,\"global_message\":\"This field must contain a valid email\"}},\"input_text\":{\"required\":{\"value\":false,\"message\":\"This field is required\",\"global\":false,\"global_message\":\"This field is required\"}},\"input_text_1\":{\"required\":{\"value\":false,\"message\":\"This field is required\",\"global\":false,\"global_message\":\"This field is required\"}},\"phone\":{\"required\":{\"value\":false,\"message\":\"This field is required\",\"global\":false,\"global_message\":\"This field is required\"},\"valid_phone_number\":{\"value\":false,\"message\":\"Phone number is not valid\",\"global\":false,\"global_message\":\"Phone number is not valid\"}},\"description\":{\"required\":{\"value\":true,\"message\":\"Este campo es obligatorio\",\"global\":false,\"global_message\":\"This field is required\"}},\"gdpr-agreement\":{\"required\":{\"value\":true,\"message\":\"This field is required\",\"global\":false,\"global_message\":\"This field is required\"}},\"g-recaptcha-response\":[]},\"debounce_time\":300};\n                            <\/script>\n            <\/div>\n\n\t\t<\/div><\/div><div id=\"div_block-34-77\" class=\"ct-div-block w-full\" ><div id=\"text_block-37-77\" class=\"ct-text-block\" >Us informem que, en compliment del Reglament Europeu de Protecci\u00f3 de dades (RGPD 2016\/679) i de la Llei Org\u00e0nica 3\/2018 de Protecci\u00f3 de dades personals i garantia dels drets digitals, aix\u00ed com altra legislaci\u00f3 vigent:- Autoritzeu Nodus Barber\u00e0 a tractar les vostres dades personals, necess\u00e0ries per a l\u2019activitat de promoci\u00f3 econ\u00f2mica i amb la finalitat de la promoci\u00f3 del projecte Simbiosi Industrial: Revaloritzem els recursos sobrants.- Autoritzeu Nodus Barber\u00e0 a fer \u00fas de les vostres dades per fer-vos arribar informaci\u00f3 i comunicacions sobre els serveis, les activitats i els esdeveniments relacionats amb l\u2019activitat de la promoci\u00f3 econ\u00f2mica i el projecte Simbiosi Industrial: Revaloritzem els recursos sobrants. Les vostres dades podran ser comunicades a administracions p\u00fabliques amb compet\u00e8ncies en aquestes mat\u00e8ries i a empreses i institucions de car\u00e0cter p\u00fablic i privat amb la finalitat indicada, aix\u00ed com quan s\u2019estableixi per imperatiu legal.- Les vostres dades es conservaran pel termini que estableixi la legislaci\u00f3 en mat\u00e8ria d\u2019arxiu documental.- Podeu accedir a les vostres dades, rectificar-les, suprimir-les, sol\u00b7licitar-ne la portabilitat, oposar-vos al tractament i sol\u00b7licitar-ne la limitaci\u00f3, adre\u00e7ant-vos al correu electr\u00f2nic nodus@nodusbarbera.cat de la societat ACTIVIDADES INTEGRADAS, S. A. \u2013 A59313239, amb domicili a C\/ Mogoda, 1. Pol. Ind. Can Salvatella. 08210 Barber\u00e0 del Vall\u00e8s. Tel\u00e8fon 937297272.<\/div><\/div><\/div><\/section>","protected":false},"excerpt":{"rendered":"","protected":false},"author":2,"featured_media":751,"parent":0,"menu_order":0,"comment_status":"closed","ping_status":"closed","template":"","meta":{"_acf_changed":false,"inline_featured_image":false,"footnotes":""},"class_list":["post-851","page","type-page","status-publish","has-post-thumbnail","hentry"],"acf":[],"_links":{"self":[{"href":"https:\/\/simbiosiindustrial.com\/es\/wp-json\/wp\/v2\/pages\/851","targetHints":{"allow":["GET"]}}],"collection":[{"href":"https:\/\/simbiosiindustrial.com\/es\/wp-json\/wp\/v2\/pages"}],"about":[{"href":"https:\/\/simbiosiindustrial.com\/es\/wp-json\/wp\/v2\/types\/page"}],"author":[{"embeddable":true,"href":"https:\/\/simbiosiindustrial.com\/es\/wp-json\/wp\/v2\/users\/2"}],"replies":[{"embeddable":true,"href":"https:\/\/simbiosiindustrial.com\/es\/wp-json\/wp\/v2\/comments?post=851"}],"version-history":[{"count":1,"href":"https:\/\/simbiosiindustrial.com\/es\/wp-json\/wp\/v2\/pages\/851\/revisions"}],"predecessor-version":[{"id":852,"href":"https:\/\/simbiosiindustrial.com\/es\/wp-json\/wp\/v2\/pages\/851\/revisions\/852"}],"wp:featuredmedia":[{"embeddable":true,"href":"https:\/\/simbiosiindustrial.com\/es\/wp-json\/wp\/v2\/media\/751"}],"wp:attachment":[{"href":"https:\/\/simbiosiindustrial.com\/es\/wp-json\/wp\/v2\/media?parent=851"}],"curies":[{"name":"wp","href":"https:\/\/api.w.org\/{rel}","templated":true}]}}