{"id":823,"date":"2023-09-22T20:44:42","date_gmt":"2023-09-22T18:44:42","guid":{"rendered":"https:\/\/simbiosiindustrial.com\/contacte\/"},"modified":"2024-01-24T23:50:10","modified_gmt":"2024-01-24T21:50:10","slug":"contacto","status":"publish","type":"page","link":"https:\/\/simbiosiindustrial.com\/es\/contacto\/","title":{"rendered":"Contacto"},"content":{"rendered":"<section id=\"section-3-226\" class=\" ct-section\" ><div class=\"ct-section-inner-wrap\"><div id=\"div_block-22-226\" class=\"ct-div-block mb-12\" ><h1 id=\"headline-24-226\" class=\"ct-headline font-normal text-5xl gradient-txt\">Cont\u00e1ctanos<\/h1><\/div><div id=\"div_block-4-226\" class=\"ct-div-block grid grid-cols-2 gap-16 md-grid-cols-1 w-full\" ><div id=\"div_block-5-226\" class=\"ct-div-block\" ><div id=\"text_block-6-226\" class=\"ct-text-block text-xl color-paragraph font-normal mb-4\" >Aprovecha la simbiosis industrial<\/div><div id=\"_rich_text-8-226\" class=\"oxy-rich-text color-paragraph mb-4 text-lg font-normal\" ><ul>\n<li>Identifica oportunidades.<\/li>\n<li>Desarrolla sinergias.<\/li>\n<li>Apoyo y difusi&oacute;n de las acciones simbi&oacute;ticas.<\/li>\n<li>Informaci&oacute;n de ayudas y subvenciones disponibles en la econom&iacute;a circular.<\/li>\n<\/ul><\/div><div id=\"code_block-9-226\" class=\"ct-code-block\" ><\/div><div id=\"text_block-10-226\" class=\"ct-text-block text-lg font-normal color-paragraph\" >Escr\u00edbenos al email:<\/div><a id=\"div_block-12-226\" class=\"ct-link mb-4\" href=\"mailto:\"   ><img decoding=\"async\"  id=\"image-13-226\" alt=\"S\u00edmbol de correu electr\u00f2nic\" src=\"https:\/\/simbiosiindustrial.com\/wp-content\/uploads\/2023\/09\/envelope-1.svg\" class=\"ct-image mr-4 my-auto\"\/><div id=\"text_block-14-226\" class=\"ct-text-block\" ><span id=\"span-15-226\" class=\"ct-span\" ><\/span><\/div><\/a><div id=\"text_block-17-226\" class=\"ct-text-block text-lg mb-6\" >O bien a trav\u00e9s del siguiente formulario<\/div>\n\t\t<div id=\"-form_widget-25-226\" class=\"oxy-form-widget w-full ff-oxy-element\" ><div class='fluentform ff-default fluentform_wrapper_4 ffs_default_wrap'><form data-form_id=\"4\" id=\"fluentform_4\" class=\"frm-fluent-form fluent_form_4 ff-el-form-top ff_form_instance_4_1 ff-form-loading ffs_default\" data-form_instance=\"ff_form_instance_4_1\" method=\"POST\" ><fieldset  style=\"border: none!important;margin: 0!important;padding: 0!important;background-color: transparent!important;box-shadow: none!important;outline: none!important; min-inline-size: 100%;\">\n                    <legend class=\"ff_screen_reader_title\" style=\"display: block; margin: 0!important;padding: 0!important;height: 0!important;text-indent: -999999px;width: 0!important;overflow:hidden;\">\u00a1Escr\u00edbenos! ES<\/legend>        <div\n                style=\"display: none!important; position: absolute!important; transform: translateX(1000%)!important;\"\n                class=\"ff-el-group ff-hpsf-container\"\n        >\n            <div class=\"ff-el-input--label asterisk-right\">\n                <label for=\"ff_4_item_sf\" aria-label=\"Newsletter\">\n                    Newsletter                <\/label>\n            <\/div>\n            <div class=\"ff-el-input--content\">\n                <input type=\"text\"\n                       name=\"item_4__fluent_sf\"\n                       class=\"ff-el-form-control\"\n                       id=\"ff_4_item_sf\"\n                \/>\n            <\/div>\n        <\/div>\n        <input type='hidden' name='__fluent_form_embded_post_id' value='823' \/><input type=\"hidden\" id=\"_fluentform_4_fluentformnonce\" name=\"_fluentform_4_fluentformnonce\" value=\"e4e3182128\" \/><input type=\"hidden\" name=\"_wp_http_referer\" value=\"\/es\/wp-json\/wp\/v2\/pages\/823\" \/><div data-type=\"name-element\" data-name=\"names\" class=\" ff-field_container ff-name-field-wrapper contacte\" ><div class='ff-t-container'><div class='ff-t-cell '><div class='ff-el-group  ff-el-form-hide_label'><div class=\"ff-el-input--label ff-el-is-required asterisk-right\"><label for='ff_4_names_first_name_' id='label_ff_4_names_first_name_' >Nom <\/label><\/div><div class='ff-el-input--content'><input type=\"text\" name=\"names[first_name]\" id=\"ff_4_names_first_name_\" class=\"ff-el-form-control\" placeholder=\"Nombre y Apellidos\" aria-invalid=\"false\" aria-required=true><\/div><\/div><\/div><\/div><\/div><div class='ff-el-group ff-el-form-hide_label'><div class=\"ff-el-input--label ff-el-is-required asterisk-right\"><label for='ff_4_email' id='label_ff_4_email' aria-label=\"Correo Electr\u00f3nico\">Correo Electr\u00f3nico<\/label><\/div><div class='ff-el-input--content'><input type=\"email\" name=\"email\" id=\"ff_4_email\" class=\"ff-el-form-control\" placeholder=\"Correo Electr\u00f3nico\" data-name=\"email\"  aria-invalid=\"false\" aria-required=true><\/div><\/div><div class='ff-el-group ff-el-form-hide_label'><div class=\"ff-el-input--label asterisk-right\"><label for='ff_4_input_text' id='label_ff_4_input_text' aria-label=\"Empresa\">Empresa<\/label><\/div><div class='ff-el-input--content'><input type=\"text\" name=\"input_text\" class=\"ff-el-form-control\" placeholder=\"Empresa\" data-name=\"input_text\" id=\"ff_4_input_text\"  aria-invalid=\"false\" aria-required=false><\/div><\/div><div class='ff-el-group ff-el-form-hide_label'><div class=\"ff-el-input--label asterisk-right\"><label for='ff_4_input_text_1' id='label_ff_4_input_text_1' aria-label=\"Ciudad\">Ciudad<\/label><\/div><div class='ff-el-input--content'><input type=\"text\" name=\"input_text_1\" class=\"ff-el-form-control\" placeholder=\"Ciudad\" data-name=\"input_text_1\" id=\"ff_4_input_text_1\"  aria-invalid=\"false\" aria-required=false><\/div><\/div><div class='ff-el-group ff-el-form-hide_label'><div class=\"ff-el-input--label asterisk-right\"><label for='ff_4_phone' id='label_ff_4_phone' aria-label=\"Tel\u00e8fon\/M\u00f2bil\">Tel\u00e8fon\/M\u00f2bil<\/label><\/div><div class='ff-el-input--content'><input name=\"phone\" class=\"ff-el-form-control ff-el-phone\" type=\"tel\" placeholder=\"Tel\u00e9fono\" data-name=\"phone\" id=\"ff_4_phone\" inputmode=\"tel\"  aria-invalid='false' aria-required=false><\/div><\/div><div class='ff-el-group ff-el-form-hide_label'><div class=\"ff-el-input--label ff-el-is-required asterisk-right\"><label for='ff_4_description' id='label_ff_4_description' aria-label=\"\u00c0rea de text\">\u00c0rea de text<\/label><\/div><div class='ff-el-input--content'><textarea aria-required=\"true\" aria-labelledby=\"label_ff_4_description\" name=\"description\" id=\"ff_4_description\" class=\"ff-el-form-control\" placeholder=\"Mensaje\" rows=\"5\" cols=\"2\" data-name=\"description\" ><\/textarea><\/div><\/div><div class='ff-el-group    ff-el-input--content'><div class='ff-el-form-check ff-el-tc'><label aria-label='T\u00e9rminos y condiciones: He le\u00eddo y acepto la pol\u00edtica de privacidad. Contiene 1 enlace. Usa la navegaci\u00f3n por pesta\u00f1as para rese\u00f1ar.' class='ff-el-form-check-label ff_tc_label' for=gdpr-agreement_9e852f8685dccd8a094a7cdb74e70393><span class='ff_tc_checkbox'><input type=\"checkbox\" name=\"gdpr-agreement\" class=\"ff-el-form-check-input ff_gdpr_field\" data-name=\"gdpr-agreement\" id=\"gdpr-agreement_9e852f8685dccd8a094a7cdb74e70393\"  value='on' aria-invalid='false' aria-required=true><\/span> <div class='ff_t_c'>He le\u00eddo y acepto <a href=\"https:\/\/simbiosiindustrial.com\/es\/politica-de-privacidad\/\" class=\"gradient-txt\">la pol\u00edtica de privacidad<\/a>.<\/div><\/label><\/div><\/div><div class='ff-el-group ' ><div class='ff-el-input--content'><div data-fluent_id='4' name='g-recaptcha-response'><div\n\t\tdata-sitekey='6LdYJ-UpAAAAACW84QCKnvotBKtvFdWkVBVrtss5'\n\t\tid='fluentform-recaptcha-4-1'\n\t\tclass='ff-el-recaptcha g-recaptcha'\n\t\tdata-callback='fluentFormrecaptchaSuccessCallback'><\/div><\/div><\/div><\/div><div class='ff-el-group ff-text-left rounded-full ff_submit_btn_wrapper'><button type=\"submit\" class=\"ff-btn ff-btn-submit ff-btn-md bg-gradient w-full letter-spacing bt-hover ff_btn_style\"  aria-label=\"Enviar\">Enviar<\/button><\/div><\/fieldset><\/form><div id='fluentform_4_errors' class='ff-errors-in-stack ff_form_instance_4_1 ff-form-loading_errors ff_form_instance_4_1_errors'><\/div><\/div>            <script type=\"text\/javascript\">\n                window.fluent_form_ff_form_instance_4_1 = {\"id\":\"4\",\"ajaxUrl\":\"https:\\\/\\\/simbiosiindustrial.com\\\/wp-admin\\\/admin-ajax.php\",\"settings\":{\"layout\":{\"labelPlacement\":\"top\",\"helpMessagePlacement\":\"with_label\",\"errorMessagePlacement\":\"inline\",\"cssClassName\":\"\",\"asteriskPlacement\":\"asterisk-right\"},\"restrictions\":{\"denyEmptySubmission\":{\"enabled\":false}}},\"form_instance\":\"ff_form_instance_4_1\",\"form_id_selector\":\"fluentform_4\",\"rules\":{\"names[first_name]\":{\"required\":{\"value\":true,\"message\":\"Aquest camp \\u00e9s obligatori\",\"global\":false,\"global_message\":\"This field is required\"}},\"names[middle_name]\":{\"required\":{\"value\":false,\"message\":\"This field is required\",\"global\":false,\"global_message\":\"This field is required\"}},\"names[last_name]\":{\"required\":{\"value\":false,\"message\":\"This field is required\",\"global\":false,\"global_message\":\"This field is required\"}},\"email\":{\"required\":{\"value\":true,\"message\":\"Este campo es obligatorio\",\"global\":false,\"global_message\":\"This field is required\"},\"email\":{\"value\":false,\"message\":\"This field must contain a valid email\",\"global\":false,\"global_message\":\"This field must contain a valid email\"}},\"input_text\":{\"required\":{\"value\":false,\"message\":\"This field is required\",\"global\":false,\"global_message\":\"This field is required\"}},\"input_text_1\":{\"required\":{\"value\":false,\"message\":\"This field is required\",\"global\":false,\"global_message\":\"This field is required\"}},\"phone\":{\"required\":{\"value\":false,\"message\":\"This field is required\",\"global\":false,\"global_message\":\"This field is required\"},\"valid_phone_number\":{\"value\":false,\"message\":\"Phone number is not valid\",\"global\":false,\"global_message\":\"Phone number is not valid\"}},\"description\":{\"required\":{\"value\":true,\"message\":\"Este campo es obligatorio\",\"global\":false,\"global_message\":\"This field is required\"}},\"gdpr-agreement\":{\"required\":{\"value\":true,\"message\":\"This field is required\",\"global\":false,\"global_message\":\"This field is required\"}},\"g-recaptcha-response\":[]},\"debounce_time\":300};\n                            <\/script>\n            <\/div>\n\n\t\t<\/div><div id=\"div_block-20-226\" class=\"ct-div-block my-auto md-order-first\" ><img decoding=\"async\"  id=\"image-21-226\" alt=\"Dues mans de persones que estan mirant un pla d'organitzaci\u00f3.\" src=\"https:\/\/simbiosiindustrial.com\/wp-content\/uploads\/2023\/09\/Rectangle-27.png\" class=\"ct-image w-full rounded-xl\"\/><\/div><\/div><\/div><\/section>\n\n<section id=\"section-3-234\" class=\" ct-section\" ><div class=\"ct-section-inner-wrap\"><div id=\"_dynamic_list-97-234\" class=\"oxy-dynamic-list mb-16\"><div id=\"div_block-98-234-1\" class=\"ct-div-block h-full\" data-id=\"div_block-98-234\"><div id=\"div_block-115-234-1\" class=\"ct-div-block rounded-xl p-8 h-full\" data-id=\"div_block-115-234\"><img decoding=\"async\" id=\"image-116-234-1\" alt=\"\" src=\"https:\/\/simbiosiindustrial.com\/wp-content\/uploads\/2023\/09\/ajuntament_de_barber__del_vall_s.jpg\" class=\"ct-image mb-4 mx-auto\" data-id=\"image-116-234\"><div id=\"div_block-117-234-1\" class=\"ct-div-block mb-4\" data-id=\"div_block-117-234\"><img decoding=\"async\" id=\"image-118-234-1\" alt=\"\" src=\"https:\/\/simbiosiindustrial.com\/wp-content\/uploads\/2023\/09\/location-pin-navigation-map-maps-pin-gps-location.svg\" class=\"ct-image mr-4\" data-id=\"image-118-234\"><div id=\"text_block-119-234-1\" class=\"ct-text-block text-base font-normal color-paragraph\" data-id=\"text_block-119-234\"><span id=\"span-120-234\" class=\"ct-span\" >Carrer Mogoda, 1 Pol\u00edgon industrial Can Salvatella 08210 Barber\u00e0 del Vall\u00e8s, Barcelona<\/span><\/div><\/div><div id=\"div_block-121-234-1\" class=\"ct-div-block mb-4\" data-id=\"div_block-121-234\"><img decoding=\"async\" id=\"image-122-234-1\" alt=\"\" src=\"https:\/\/simbiosiindustrial.com\/wp-content\/uploads\/2023\/09\/phone-3-1.svg\" class=\"ct-image mr-4\" data-id=\"image-122-234\"><a id=\"text_block-123-234-1\" class=\"ct-link-text text-base font-normal color-paragraph\" href=\"tel:93%20729%2072%2072.\" data-id=\"text_block-123-234\"><span id=\"span-124-234\" class=\"ct-span\" >93 729 72 72.<\/span><\/a><\/div><div id=\"div_block-125-234-1\" class=\"ct-div-block mb-4\" data-id=\"div_block-125-234\"><img decoding=\"async\" id=\"image-126-234-1\" alt=\"\" src=\"https:\/\/simbiosiindustrial.com\/wp-content\/uploads\/2023\/09\/envelope-1.svg\" class=\"ct-image mr-4\" data-id=\"image-126-234\"><a id=\"text_block-127-234-1\" class=\"ct-link-text text-base font-normal color-paragraph\" href=\"mailto:info@simbiosiindustrial.com\" data-id=\"text_block-127-234\"><span id=\"span-128-234\" class=\"ct-span\" >info@simbiosiindustrial.com<\/span><\/a><\/div><\/div><\/div><div id=\"div_block-98-234-2\" class=\"ct-div-block h-full\" data-id=\"div_block-98-234\"><div id=\"div_block-115-234-2\" class=\"ct-div-block rounded-xl p-8 h-full\" data-id=\"div_block-115-234\"><img decoding=\"async\" id=\"image-116-234-2\" alt=\"\" src=\"https:\/\/simbiosiindustrial.com\/wp-content\/uploads\/2023\/09\/sant-quirze.jpg\" class=\"ct-image mb-4 mx-auto\" data-id=\"image-116-234\"><div id=\"div_block-117-234-2\" class=\"ct-div-block mb-4\" data-id=\"div_block-117-234\"><img decoding=\"async\" id=\"image-118-234-2\" alt=\"\" src=\"https:\/\/simbiosiindustrial.com\/wp-content\/uploads\/2023\/09\/location-pin-navigation-map-maps-pin-gps-location.svg\" class=\"ct-image mr-4\" data-id=\"image-118-234\"><div id=\"text_block-119-234-2\" class=\"ct-text-block text-base font-normal color-paragraph\" data-id=\"text_block-119-234\"><span id=\"span-120-234\" class=\"ct-span\" >Passatge Dal\u00ed, 8  08192 Sant Quirze del Vall\u00e8s Barcelona<\/span><\/div><\/div><div id=\"div_block-121-234-2\" class=\"ct-div-block mb-4\" data-id=\"div_block-121-234\"><img decoding=\"async\" id=\"image-122-234-2\" alt=\"\" src=\"https:\/\/simbiosiindustrial.com\/wp-content\/uploads\/2023\/09\/phone-3-1.svg\" class=\"ct-image mr-4\" data-id=\"image-122-234\"><a id=\"text_block-123-234-2\" class=\"ct-link-text text-base font-normal color-paragraph\" href=\"tel:93%20721%2068%2000\" data-id=\"text_block-123-234\"><span id=\"span-124-234\" class=\"ct-span\" >93 721 68 00<\/span><\/a><\/div><div id=\"div_block-125-234-2\" class=\"ct-div-block mb-4\" data-id=\"div_block-125-234\"><img decoding=\"async\" id=\"image-126-234-2\" alt=\"\" src=\"https:\/\/simbiosiindustrial.com\/wp-content\/uploads\/2023\/09\/envelope-1.svg\" class=\"ct-image mr-4\" data-id=\"image-126-234\"><a id=\"text_block-127-234-2\" class=\"ct-link-text text-base font-normal color-paragraph\" href=\"mailto:info@simbiosiindustrial.com\" data-id=\"text_block-127-234\"><span id=\"span-128-234\" class=\"ct-span\" >info@simbiosiindustrial.com<\/span><\/a><\/div><\/div><\/div><div id=\"div_block-98-234-3\" class=\"ct-div-block h-full\" data-id=\"div_block-98-234\"><div id=\"div_block-115-234-3\" class=\"ct-div-block rounded-xl p-8 h-full\" data-id=\"div_block-115-234\"><img decoding=\"async\" id=\"image-116-234-3\" alt=\"\" src=\"https:\/\/simbiosiindustrial.com\/wp-content\/uploads\/2023\/09\/sabadell-1.jpg\" class=\"ct-image mb-4 mx-auto\" data-id=\"image-116-234\"><div id=\"div_block-117-234-3\" class=\"ct-div-block mb-4\" data-id=\"div_block-117-234\"><img decoding=\"async\" id=\"image-118-234-3\" alt=\"\" src=\"https:\/\/simbiosiindustrial.com\/wp-content\/uploads\/2023\/09\/location-pin-navigation-map-maps-pin-gps-location.svg\" class=\"ct-image mr-4\" data-id=\"image-118-234\"><div id=\"text_block-119-234-3\" class=\"ct-text-block text-base font-normal color-paragraph\" data-id=\"text_block-119-234\"><span id=\"span-120-234\" class=\"ct-span\" >Edifici Vapor Llonch Ctra. de Barcelona, 208 bis, 08205 Sabadell<\/span><\/div><\/div><div id=\"div_block-121-234-3\" class=\"ct-div-block mb-4\" data-id=\"div_block-121-234\"><img decoding=\"async\" id=\"image-122-234-3\" alt=\"\" src=\"https:\/\/simbiosiindustrial.com\/wp-content\/uploads\/2023\/09\/phone-3-1.svg\" class=\"ct-image mr-4\" data-id=\"image-122-234\"><a id=\"text_block-123-234-3\" class=\"ct-link-text text-base font-normal color-paragraph\" href=\"tel:93%20745%2031%2061\" data-id=\"text_block-123-234\"><span id=\"span-124-234\" class=\"ct-span\" >93 745 31 61<\/span><\/a><\/div><div id=\"div_block-125-234-3\" class=\"ct-div-block mb-4\" data-id=\"div_block-125-234\"><img decoding=\"async\" id=\"image-126-234-3\" alt=\"\" src=\"https:\/\/simbiosiindustrial.com\/wp-content\/uploads\/2023\/09\/envelope-1.svg\" class=\"ct-image mr-4\" data-id=\"image-126-234\"><a id=\"text_block-127-234-3\" class=\"ct-link-text text-base font-normal color-paragraph\" href=\"mailto:info@simbiosiindustrial.com\" data-id=\"text_block-127-234\"><span id=\"span-128-234\" class=\"ct-span\" >info@simbiosiindustrial.com<\/span><\/a><\/div><\/div><\/div><\/div>\n<div id=\"div_block-94-234\" class=\"ct-div-block\" ><div id=\"text_block-95-234\" class=\"ct-text-block text-sm font-normal color-paragraph\" >Le informamos que, en cumplimiento del Reglamento Europeo de Protecci\u00f3n de datos (RGPD 2016\/679) y de la Ley Org\u00e1nica 3\/2018 de Protecci\u00f3n de datos personales y garant\u00eda de los derechos digitales, as\u00ed como otra legislaci\u00f3n vigente:- Autorice a Nodus Barber\u00e0 a tratar sus datos personales, necesarios para la actividad de promoci\u00f3n econ\u00f3mica y con la finalidad de la promoci\u00f3n del proyecto Simbiosis Industrial: Revalorizamos los recursos sobrantes.- Autorice a Nodus Barber\u00e0 a hacer uso de sus datos para hacerle llegar informaci\u00f3n y comunicaciones sobre los servicios, actividades y eventos relacionados con la actividad de la promoci\u00f3n econ\u00f3mica y el proyecto Simbiosis Industrial: Revalorizamos los recursos sobrantes. Sus datos podr\u00e1n ser comunicados a administraciones p\u00fablicas con competencias en estas materias ya empresas e instituciones de car\u00e1cter p\u00fablico y privado con la finalidad indicada, as\u00ed como cuando se establezca por imperativo legal. Sus datos se conservar\u00e1n por el plazo que establezca la legislaci\u00f3n en materia de archivo documental.- Puede acceder a sus datos, rectificarlos, suprimirlos, solicitar su portabilidad, oponerse al tratamiento y solicitar su limitaci\u00f3n, dirigi\u00e9ndose al correo electr\u00f3nico nodus@nodusbarbera.cat de la sociedad ACTIVIDADES INTEGRADAS, SA \u2013 A59313239, con domicilio en C\/ Mogoda, 1. Pol. Ind. Can Salvatella. 08210 Barber\u00e1 del Vall\u00e9s. Tel\u00e9fono 937297272.<\/div><\/div><\/div><\/section>","protected":false},"excerpt":{"rendered":"","protected":false},"author":2,"featured_media":758,"parent":0,"menu_order":0,"comment_status":"closed","ping_status":"closed","template":"","meta":{"_acf_changed":false,"inline_featured_image":false,"footnotes":""},"class_list":["post-823","page","type-page","status-publish","has-post-thumbnail","hentry"],"acf":[],"_links":{"self":[{"href":"https:\/\/simbiosiindustrial.com\/es\/wp-json\/wp\/v2\/pages\/823","targetHints":{"allow":["GET"]}}],"collection":[{"href":"https:\/\/simbiosiindustrial.com\/es\/wp-json\/wp\/v2\/pages"}],"about":[{"href":"https:\/\/simbiosiindustrial.com\/es\/wp-json\/wp\/v2\/types\/page"}],"author":[{"embeddable":true,"href":"https:\/\/simbiosiindustrial.com\/es\/wp-json\/wp\/v2\/users\/2"}],"replies":[{"embeddable":true,"href":"https:\/\/simbiosiindustrial.com\/es\/wp-json\/wp\/v2\/comments?post=823"}],"version-history":[{"count":3,"href":"https:\/\/simbiosiindustrial.com\/es\/wp-json\/wp\/v2\/pages\/823\/revisions"}],"predecessor-version":[{"id":910,"href":"https:\/\/simbiosiindustrial.com\/es\/wp-json\/wp\/v2\/pages\/823\/revisions\/910"}],"wp:featuredmedia":[{"embeddable":true,"href":"https:\/\/simbiosiindustrial.com\/es\/wp-json\/wp\/v2\/media\/758"}],"wp:attachment":[{"href":"https:\/\/simbiosiindustrial.com\/es\/wp-json\/wp\/v2\/media?parent=823"}],"curies":[{"name":"wp","href":"https:\/\/api.w.org\/{rel}","templated":true}]}}